{"id":991697,"date":"2024-11-19T15:27:37","date_gmt":"2024-11-19T14:27:37","guid":{"rendered":"https:\/\/www.balmora.store\/?post_type=product&#038;p=991697"},"modified":"2025-11-23T00:47:34","modified_gmt":"2025-11-22T23:47:34","slug":"skladana-spolocenska-sukna","status":"publish","type":"product","link":"https:\/\/www.balmora.store\/cs\/obchod\/skladana-spolocenska-sukna\/","title":{"rendered":"Skladan\u00e1 spolo\u010densk\u00e1 suk\u0148a"},"content":{"rendered":"<div class=\"vgblk-rw-wrapper limit-wrapper\">\n<p style=\"font-weight: 400;\"><strong>Pr\u00e9miov\u00e1 suk\u0148a Balmora \u2013 Elegancia na ka\u017ed\u00fa v\u00fdznamn\u00fa udalos\u0165<\/strong><\/p>\n<p style=\"font-weight: 400;\">Suk\u0148a Balmora predstavuje dokonal\u00fa harm\u00f3niu medzi eleganciou, sofistikovanos\u0165ou a pr\u00e9miovou kvalitou. Navrhnut\u00e1 pre \u017eenu, ktor\u00e1 si <strong>cen\u00ed jemn\u00fa kr\u00e1su a jedine\u010dn\u00fd dizajn<\/strong>. Skladan\u00e1 suk\u0148a Balmora je stvoren\u00e1 pre spolo\u010densk\u00e9 a v\u00fdnimo\u010dn\u00e9 chv\u00edle, kde chcete za\u017eiari\u0165.<\/p>\n<p>Ka\u017ed\u00e1 suk\u0148a je ru\u010dne vyroben\u00e1 z pr\u00e9miov\u00fdch materi\u00e1lov, ako je hodv\u00e1bny sat\u00e9n, jemn\u00e1 \u010dipka \u010di luxusn\u00fd krep, ktor\u00e9 zaru\u010duj\u00fa p\u00f4vabn\u00fd vzh\u013ead, pohodlie a dokonal\u00fd pohyb. Starostlivo prepracovan\u00e9 detaily a prec\u00edzny strih lichotia ka\u017edej postave, pri\u010dom v\u00e1m umo\u017e\u0148uj\u00fa c\u00edti\u0165 sa vzne\u0161ene a pohodlne po cel\u00fd \u010das v\u00fdnimo\u010dnej udalosti.<\/p>\n<p>Pre\u010do si vybra\u0165 suk\u0148u Balmora?<\/p>\n<ul>\n<li><strong>Luxusn\u00e9 materi\u00e1ly:<\/strong> Pou\u017e\u00edvame v\u00fdlu\u010dne kvalitn\u00e9 tkaniny, ktor\u00e9 zd\u00f4raz\u0148uj\u00fa eleganciu a komfort.<\/li>\n<li><strong>Remeseln\u00e1 v\u00fdroba:<\/strong> Ru\u010dne spracovan\u00fd k\u00fasok s d\u00f4razom na detail a jedine\u010dnos\u0165.<\/li>\n<li><strong>Nad\u010dasov\u00fd dizajn:<\/strong> Dlh\u00e1 skladan\u00e1 suk\u0148a, ktor\u00e1 je ide\u00e1lna pre sl\u00e1vnostn\u00e9 udalosti, ale aj ako invest\u00edcia do \u0161atn\u00edka na roky.<\/li>\n<\/ul>\n<p><span style=\"letter-spacing: var(--vamtam-primary-font-letter-spacing-desktop,normal); text-transform: var(--vamtam-primary-font-transform,none); text-decoration: var(--vamtam-primary-font-decoration,none);\">Objavte suk\u0148u, ktor\u00e1 povy\u0161uje v\u00e1\u0161 spolo\u010densk\u00fd outfit na nov\u00fa \u00farove\u0148. \u010ci u\u017e ide o gala ve\u010der, svadbu, \u010di d\u00f4le\u017eit\u00fd moment vo va\u0161om \u017eivote, suk\u0148a Balmora je va\u0161\u00edm spojencom v \u0161t\u00fdle, ktor\u00fd pretrv\u00e1. Doprajte si luxusn\u00fd z\u00e1\u017eitok s ka\u017ed\u00fdm krokom.<\/span><\/div>\n<p><!-- .vgblk-rw-wrapper --><\/p>","protected":false},"excerpt":{"rendered":"<p class=\"article\">D\u013a\u017eka: 109 cm + pevn\u00fd nepru\u017en\u00fd p\u00e1sec 3 cm (v pr\u00edpade z\u00e1ujmu, mo\u017enos\u0165 personaliz\u00e1cie na mieru)<\/p>\n<p class=\"article\">Modelka: 172 cm, oble\u010den\u00fa m\u00e1 ve\u013ekos\u0165 S<\/p>","protected":false},"featured_media":991712,"template":"","meta":{"_acf_changed":false},"product_brand":[],"product_cat":[465,539],"product_tag":[226,540,541],"class_list":{"0":"post-991697","1":"product","2":"type-product","3":"status-publish","4":"has-post-thumbnail","6":"product_cat-oblecenie","7":"product_cat-sukne","8":"product_tag-hodvabny-saten","9":"product_tag-skladana-sukna","10":"product_tag-spolocenska-sukna","11":"pa_velkost-xs","12":"pa_velkost-s","13":"pa_velkost-m","14":"pa_velkost-l","15":"pa_velkost-xl","16":"pa_vzor-jednofarebny","18":"first","19":"instock","20":"taxable","21":"shipping-taxable","22":"purchasable","23":"product-type-variable"},"acf":[],"_links":{"self":[{"href":"https:\/\/www.balmora.store\/cs\/wp-json\/wp\/v2\/product\/991697","targetHints":{"allow":["GET"]}}],"collection":[{"href":"https:\/\/www.balmora.store\/cs\/wp-json\/wp\/v2\/product"}],"about":[{"href":"https:\/\/www.balmora.store\/cs\/wp-json\/wp\/v2\/types\/product"}],"wp:featuredmedia":[{"embeddable":true,"href":"https:\/\/www.balmora.store\/cs\/wp-json\/wp\/v2\/media\/991712"}],"wp:attachment":[{"href":"https:\/\/www.balmora.store\/cs\/wp-json\/wp\/v2\/media?parent=991697"}],"wp:term":[{"taxonomy":"product_brand","embeddable":true,"href":"https:\/\/www.balmora.store\/cs\/wp-json\/wp\/v2\/product_brand?post=991697"},{"taxonomy":"product_cat","embeddable":true,"href":"https:\/\/www.balmora.store\/cs\/wp-json\/wp\/v2\/product_cat?post=991697"},{"taxonomy":"product_tag","embeddable":true,"href":"https:\/\/www.balmora.store\/cs\/wp-json\/wp\/v2\/product_tag?post=991697"}],"curies":[{"name":"wp","href":"https:\/\/api.w.org\/{rel}","templated":true}]}}