{"id":990948,"date":"2024-08-02T15:00:06","date_gmt":"2024-08-02T13:00:06","guid":{"rendered":"https:\/\/www.balmora.store\/?post_type=product&#038;p=990948"},"modified":"2025-11-23T00:52:23","modified_gmt":"2025-11-22T23:52:23","slug":"hodvabne-scrunchies-vzor-protea-essential-mix","status":"publish","type":"product","link":"https:\/\/www.balmora.store\/cs\/obchod\/hodvabne-scrunchies-vzor-protea-essential-mix\/","title":{"rendered":"Hedv\u00e1bn\u00e9 Scrunchies | Vzor Protea Mix"},"content":{"rendered":"<div class=\"vgblk-rw-wrapper limit-wrapper\">\n<p style=\"font-weight: 400;\"><strong>Pr\u00e9miov\u00e1 hodv\u00e1bna scrunchies kvetinov\u00fdm vzorom Protea \u2013 Ru\u010dne vyroben\u00e1 z 100% hodv\u00e1bu s d\u00f4razom na udr\u017eate\u013enos\u0165<\/strong><\/p>\n<p style=\"font-weight: 400;\">Venujte sa poctivej vlasovej starostlivosti? Tak ur\u010dite viete, ak\u00e9 n\u00e1ro\u010dn\u00e9 je n\u00e1js\u0165 dokonal\u00fa vlasov\u00fa gumi\u010dku, ktor\u00e1 poskytuje nielen spo\u013eahliv\u00e9 upevnenie, ale z\u00e1rove\u0148 chr\u00e1ni vlasy pred po\u0161koden\u00edm. Pr\u00e9miov\u00e1 <strong>hodv\u00e1bna scrunchie<\/strong>, vyroben\u00e1 zo 100% \u010dist\u00e9ho hodv\u00e1bu. Je prav\u00fdm rie\u0161en\u00edm pre va\u0161e vlasy. Kombinuje eleganciu, starostlivos\u0165 a udr\u017eate\u013enos\u0165 do jedin\u00e9ho luxusn\u00e9ho doplnku.<\/p>\n<p style=\"font-weight: 400;\">Hodv\u00e1b je zn\u00e1my svojimi jemn\u00fdmi, hladk\u00fdmi vl\u00e1knami, ktor\u00e9 s\u00fa pre vlasy mimoriadne \u0161etrn\u00e9. Na rozdiel od be\u017en\u00fdch gumi\u010diek, ktor\u00e9 m\u00f4\u017eu vlasy l\u00e1ma\u0165, trha\u0165 alebo sp\u00f4sobova\u0165 krepovitos\u0165, hodv\u00e1bna scrunchie poskytuje\u00a0<strong>jemn\u00e9 viazanie bez po\u0161kodenia<\/strong>. Jej prirodzen\u00e9 vlastnosti \u2013 jemnos\u0165, hladkos\u0165, priedu\u0161nos\u0165 minimalizuj\u00fa trenie, a preto je ide\u00e1lna pre v\u0161etky typy vlasov, vr\u00e1tane t\u00fdch najcitlivej\u0161\u00edch.<\/p>\n<p style=\"font-weight: 400;\">Ka\u017ed\u00e1 hodv\u00e1bna scrunchie je\u00a0<strong>ru\u010dne vyroben\u00e1<\/strong>\u00a0prec\u00edzne a\u00a0s d\u00f4razom na kvalitu. V r\u00e1mci n\u00e1\u0161ho z\u00e1v\u00e4zku k udr\u017eate\u013enej v\u00fdrobe vyu\u017e\u00edvame pri tvorbe t\u00fdchto scrunchies odpadov\u00fd hodv\u00e1bny materi\u00e1l, ktor\u00fd n\u00e1m zost\u00e1va pri v\u00fdrobe in\u00fdch k\u00faskov oble\u010denia. T\u00fdmto sp\u00f4sobom minimalizujeme plytvanie a vytv\u00e1rame unik\u00e1tne k\u00fasky, ktor\u00e9 nielen skr\u00e1\u0161\u013euj\u00fa va\u0161e vlasy, ale aj prispievaj\u00fa k zodpovednej m\u00f3de.<\/p>\n<p style=\"font-weight: 400;\">Okrem svojej funk\u010dnosti je hodv\u00e1bna scrunchie aj\u00a0<strong>\u0161t\u00fdlov\u00fdm doplnkom<\/strong>. M\u00f4\u017eete ju nosi\u0165 nielen vo vlasoch, ale aj na z\u00e1p\u00e4st\u00ed ako elegantn\u00fd n\u00e1ramok. V\u010faka hodv\u00e1bnemu lesku a luxusn\u00e9mu materi\u00e1lu dod\u00e1va ka\u017edej \u00faprave vlasov \u010di outfitu sofistikovan\u00fd vzh\u013ead.<\/p>\n<p style=\"font-weight: 400;\"><strong>Pre\u010do si vybra\u0165 na\u0161u 100% hodv\u00e1bnu scrunchie?<\/strong><\/p>\n<ul>\n<li style=\"font-weight: 400;\"><strong>Pr\u00e9miov\u00e1 kvalita:<\/strong>\u00a0Vyroben\u00e1 zo 100% \u010dist\u00e9ho hodv\u00e1bu pre najjemnej\u0161iu starostlivos\u0165 o va\u0161e vlasy.<\/li>\n<li><strong>\u0160etrn\u00e1 k vlasom:<\/strong>\u00a0Zni\u017euje l\u00e1manie a trenie, zabezpe\u010duje hladk\u00e9 a jemn\u00e9 uchopenie.<\/li>\n<li><strong>Ru\u010dn\u00e1 v\u00fdroba:<\/strong>\u00a0Ka\u017ed\u00fd kus je starostlivo ru\u010dne zhotoven\u00fd, \u010do zaru\u010duje jedine\u010dnos\u0165 a kvalitu.<\/li>\n<li><strong>Udr\u017eate\u013en\u00e1 v\u00fdroba:<\/strong>\u00a0Vyr\u00e1ban\u00e9 z odpadov\u00e9ho hodv\u00e1bneho materi\u00e1lu, s oh\u013eadom na \u017eivotn\u00e9 prostredie.<\/li>\n<li><strong>Univerz\u00e1lne pou\u017eitie: <\/strong>Elegantn\u00fd doplnok pre ka\u017ed\u00fd de\u0148, \u010di u\u017e vo vlasoch alebo na z\u00e1p\u00e4st\u00ed, pr\u00edpadne kabelke.<\/li>\n<\/ul>\n<p style=\"font-weight: 400;\">T\u00e1to hodv\u00e1bna scrunchie s kvetinov\u00fdm vzorom Protea je ide\u00e1lnym doplnkom pre v\u0161etk\u00fdch, ktor\u00ed si cenia kr\u00e1su, udr\u017eate\u013enos\u0165 a starostlivos\u0165 o svoje vlasy. Doprajte si k\u00fasok pr\u00edrody a luxusu v ka\u017edom dni, \u010di u\u017e ju nos\u00edte vo vlasoch alebo na z\u00e1p\u00e4st\u00ed.<\/p>\n<\/div>\n<p><!-- .vgblk-rw-wrapper --><\/p>","protected":false},"excerpt":{"rendered":"<p><span style=\"font-weight: 400;\">Ak milujete vlasov\u00fa starostlivos\u0165, potom viete, ak\u00e9 n\u00e1ro\u010dn\u00e9 je n\u00e1js\u0165 ide\u00e1lnu gumi\u010dku. Siahnite po hodv\u00e1bnych scrunchies, ktor\u00e9, mimochodom, p\u00f4sobia elegantne ako vo vlasoch, tak aj na va\u0161om z\u00e1p\u00e4st\u00ed, ak pr\u00e1ve m\u00e1te chu\u0165 na rozpusten\u00e9 vlasy.<\/span><\/p>","protected":false},"featured_media":990908,"template":"","meta":{"_acf_changed":false},"product_brand":[],"product_cat":[469,470],"product_tag":[225],"class_list":{"0":"post-990948","1":"product","2":"type-product","3":"status-publish","4":"has-post-thumbnail","6":"product_cat-doplnky","7":"product_cat-gumicky-do-vlasov","8":"product_tag-hodvab","9":"pa_material-hodvab","10":"pa_velkost-uni","11":"pa_vzor-kvetinovy","12":"pa_vzor-protea-svetla","13":"pa_vzor-protea-tmava","15":"first","16":"instock","17":"taxable","18":"shipping-taxable","19":"purchasable","20":"product-type-variable"},"acf":[],"_links":{"self":[{"href":"https:\/\/www.balmora.store\/cs\/wp-json\/wp\/v2\/product\/990948","targetHints":{"allow":["GET"]}}],"collection":[{"href":"https:\/\/www.balmora.store\/cs\/wp-json\/wp\/v2\/product"}],"about":[{"href":"https:\/\/www.balmora.store\/cs\/wp-json\/wp\/v2\/types\/product"}],"wp:featuredmedia":[{"embeddable":true,"href":"https:\/\/www.balmora.store\/cs\/wp-json\/wp\/v2\/media\/990908"}],"wp:attachment":[{"href":"https:\/\/www.balmora.store\/cs\/wp-json\/wp\/v2\/media?parent=990948"}],"wp:term":[{"taxonomy":"product_brand","embeddable":true,"href":"https:\/\/www.balmora.store\/cs\/wp-json\/wp\/v2\/product_brand?post=990948"},{"taxonomy":"product_cat","embeddable":true,"href":"https:\/\/www.balmora.store\/cs\/wp-json\/wp\/v2\/product_cat?post=990948"},{"taxonomy":"product_tag","embeddable":true,"href":"https:\/\/www.balmora.store\/cs\/wp-json\/wp\/v2\/product_tag?post=990948"}],"curies":[{"name":"wp","href":"https:\/\/api.w.org\/{rel}","templated":true}]}}