{"id":988101,"date":"2024-05-30T12:56:42","date_gmt":"2024-05-30T10:56:42","guid":{"rendered":"https:\/\/www.balmora.store\/?post_type=product&#038;p=988101"},"modified":"2025-12-19T00:54:26","modified_gmt":"2025-12-18T23:54:26","slug":"kvetinovy-vzor-protea-svetla-kratky-hodvabny-zupan","status":"publish","type":"product","link":"https:\/\/www.balmora.store\/cs\/obchod\/kvetinovy-vzor-protea-svetla-kratky-hodvabny-zupan\/","title":{"rendered":"Kv\u011btinov\u00fd vzor Protea \u2013 sv\u011btl\u00e1 | Kr\u00e1tk\u00fd hedv\u00e1bn\u00fd \u017eupan"},"content":{"rendered":"<div class=\"vgblk-rw-wrapper limit-wrapper\">\n<p style=\"font-weight: 400;\"><strong>Pr\u00e9miov\u00fd hodv\u00e1bny \u017eupan s<\/strong><strong>\u00a0autorsk\u00fdm dizajnom Protea \u2013 Ru\u010dne vyroben\u00fd zo 100% hodv\u00e1bu pre odv\u00e1\u017enu eleganciu a komfort<\/strong><\/p>\n<p style=\"font-weight: 400;\">Objavte kr\u00e1su a luxus s na\u0161\u00edm\u00a0<strong>d\u00e1mskym \u017eupanom zo 100% hodv\u00e1bu<\/strong>, in\u0161pirovan\u00fdm jedine\u010dn\u00fdm kvetinov\u00fdm vzorom\u00a0<strong>Protea<\/strong>. Kvet, zn\u00e1my svojou divokou kr\u00e1sou a eleganciou, symbolizuje odvahu a odhodlanie vyr\u00e1s\u0165 aj v t\u00fdch najdrsnej\u0161\u00edch podmienkach. Jeho tvrdohlav\u00fd charakter, spojen\u00fd s jemnos\u0165ou okvetn\u00fdch l\u00edstkov, je vyjadren\u00edm sily a elegancie, ktor\u00e1 dokonale dop\u013a\u0148a ka\u017ed\u00fd k\u00fasok tohto luxusn\u00e9ho \u017eupanu.<\/p>\n<p style=\"font-weight: 400;\">\u017dupan m\u00e1\u00a0<strong>perfektn\u00fd strih<\/strong>, ktor\u00fd bol navrhnut\u00fd s oh\u013eadom na v\u0161etky postavy, aby poskytoval maxim\u00e1lny komfort a z\u00e1rove\u0148 zd\u00f4raz\u0148oval \u017eensk\u00fa silu a jemnos\u0165. V\u010faka oversize dizajnu sa \u017eupan prisp\u00f4sob\u00ed ka\u017edej siluete a poskytne pocit uvo\u013enenia a pohodlia. Hodv\u00e1b je pr\u00edrodn\u00fd materi\u00e1l zn\u00e1my svojou jemnos\u0165ou, priedu\u0161nos\u0165ou a schopnos\u0165ou udr\u017ea\u0165 optim\u00e1lnu telesn\u00fa teplotu, \u010d\u00edm sa st\u00e1va ide\u00e1lnym materi\u00e1lom pre chv\u00edle oddychu.<\/p>\n<p style=\"font-weight: 400;\">Ka\u017ed\u00fd \u017eupan <strong>Balmora<\/strong>\u00a0je\u00a0<strong>ru\u010dne vyroben\u00fd<\/strong>, \u010do znamen\u00e1, \u017ee ka\u017ed\u00fd detail, od \u0161vov a\u017e po kone\u010dn\u00e9 \u00fapravy, je vytvoren\u00fd s maxim\u00e1lnou starostlivos\u0165ou. Proces ru\u010dnej v\u00fdroby zaru\u010duje jedine\u010dnos\u0165 ka\u017ed\u00e9ho k\u00fasku a zabezpe\u010duje vysok\u00fa kvalitu, ktor\u00e1 v\u00e1m poskytne nielen pohodlie, ale aj pocit v\u00fdnimo\u010dnosti.<\/p>\n<h3>Pre\u010do si vybra\u0165 hodv\u00e1bny \u017eupan s kvetinov\u00fdm vzorom Protea?<\/h3>\n<ul style=\"font-weight: 400;\">\n<li><strong>100% pr\u00edrodn\u00fd hodv\u00e1b:<\/strong>\u00a0Tento luxusn\u00fd materi\u00e1l je zn\u00e1my svojou jemnos\u0165ou, priedu\u0161nos\u0165ou a schopnos\u0165ou regulova\u0165 teplotu, \u010do poskytuje maxim\u00e1lne pohodlie.<\/li>\n<li><strong>Ru\u010dn\u00e1 v\u00fdroba:<\/strong>\u00a0Ka\u017ed\u00fd \u017eupan je ru\u010dne zhotoven\u00fd s d\u00f4razom na kvalitu a detail, \u010do zaru\u010duje jeho jedine\u010dnos\u0165 a dlh\u00fa \u017eivotnos\u0165.<\/li>\n<li><strong>Autorsk\u00fd dizajn:<\/strong> V\u0161etky potla\u010de l\u00e1tok s\u00fa autorsk\u00fdmi dizajnmi z na\u0161ej dielne.<\/li>\n<li><strong>Perfektn\u00fd strih:<\/strong>\u00a0Navrhnut\u00fd tak, aby sa prisp\u00f4sobil v\u0161etk\u00fdm typom post\u00e1v, zd\u00f4raz\u0148uj\u00fac \u017eenskos\u0165 a eleganciu.<\/li>\n<li><strong>In\u0161pirovan\u00fd kvetom Protea:<\/strong>\u00a0Tento kvet symbolizuje odvahu, odhodlanie a kr\u00e1su v drsnom prostred\u00ed, \u010do sa odr\u00e1\u017ea v dizajne \u017eupanu.<\/li>\n<li><strong>Prec\u00edzne spracovanie:<\/strong>\u00a0Ka\u017ed\u00fd detail, od jemn\u00fdch stehov po starostlivo spracovan\u00e9 zakon\u010denie, aby poskytol pocit luxusu pri ka\u017edom nosen\u00ed.<\/li>\n<\/ul>\n<p style=\"font-weight: 400;\">Nechajte sa zahali\u0165 do n\u00e1\u0161ho pr\u00e9miov\u00e9ho hodv\u00e1bneho \u017eupanu s kvetinov\u00fdm vzorom Protea a za\u017eite dokonal\u00fa kombin\u00e1ciu luxusu, elegancie a pohodlia. \u017dupan ako z\u00e1\u017eitok, ktor\u00fd v\u00e1m poskytne ka\u017edodenn\u00fd pocit v\u00fdnimo\u010dnosti a prinesie do va\u0161ich chv\u00ed\u013e relax\u00e1cie d\u00e1vku jemn\u00e9ho, odv\u00e1\u017eneho luxusu.<\/p>\n<\/div>\n<p><!-- .vgblk-rw-wrapper --><\/p>","protected":false},"excerpt":{"rendered":"<p class=\"article\">D\u013a\u017eka: 87 cm<\/p>\n<p class=\"article\">Styl: Oversize s propracovan\u00fdm l\u00edmcem a \u0161irok\u00fdm ruk\u00e1vem<\/p>\n<p class=\"article\">Modelka: 174 cm, oble\u010den\u00fa m\u00e1 ve\u013ekos\u0165 S<\/p>","protected":false},"featured_media":990765,"template":"","meta":{"_acf_changed":false},"product_brand":[],"product_cat":[465,466],"product_tag":[225,230,238],"class_list":{"0":"post-988101","1":"product","2":"type-product","3":"status-publish","4":"has-post-thumbnail","6":"product_cat-oblecenie","7":"product_cat-zupany","8":"product_tag-hodvab","9":"product_tag-kratky-zupan","10":"product_tag-kvetinovy-vzor","11":"pa_material-hodvab","12":"pa_material-hodvabny-saten","13":"pa_velkost-xs","14":"pa_velkost-s","15":"pa_velkost-m","16":"pa_velkost-l","17":"pa_velkost-xl","18":"pa_vzor-kvetinovy","19":"pa_vzor-protea-svetla","21":"first","22":"instock","23":"featured","24":"taxable","25":"shipping-taxable","26":"purchasable","27":"product-type-variable"},"acf":[],"_links":{"self":[{"href":"https:\/\/www.balmora.store\/cs\/wp-json\/wp\/v2\/product\/988101","targetHints":{"allow":["GET"]}}],"collection":[{"href":"https:\/\/www.balmora.store\/cs\/wp-json\/wp\/v2\/product"}],"about":[{"href":"https:\/\/www.balmora.store\/cs\/wp-json\/wp\/v2\/types\/product"}],"wp:featuredmedia":[{"embeddable":true,"href":"https:\/\/www.balmora.store\/cs\/wp-json\/wp\/v2\/media\/990765"}],"wp:attachment":[{"href":"https:\/\/www.balmora.store\/cs\/wp-json\/wp\/v2\/media?parent=988101"}],"wp:term":[{"taxonomy":"product_brand","embeddable":true,"href":"https:\/\/www.balmora.store\/cs\/wp-json\/wp\/v2\/product_brand?post=988101"},{"taxonomy":"product_cat","embeddable":true,"href":"https:\/\/www.balmora.store\/cs\/wp-json\/wp\/v2\/product_cat?post=988101"},{"taxonomy":"product_tag","embeddable":true,"href":"https:\/\/www.balmora.store\/cs\/wp-json\/wp\/v2\/product_tag?post=988101"}],"curies":[{"name":"wp","href":"https:\/\/api.w.org\/{rel}","templated":true}]}}