{"id":988098,"date":"2024-05-30T12:51:03","date_gmt":"2024-05-30T10:51:03","guid":{"rendered":"https:\/\/www.balmora.store\/?post_type=product&#038;p=988098"},"modified":"2025-12-19T00:54:26","modified_gmt":"2025-12-18T23:54:26","slug":"autorsky-dizajn-vazka-kratky-hodvabny-zupan","status":"publish","type":"product","link":"https:\/\/www.balmora.store\/cs\/obchod\/autorsky-dizajn-vazka-kratky-hodvabny-zupan\/","title":{"rendered":"Autorsk\u00fd design V\u00e1\u017eka | Kr\u00e1tk\u00fd hedv\u00e1bn\u00fd \u017eupan"},"content":{"rendered":"<div class=\"vgblk-rw-wrapper limit-wrapper\">\n<p style=\"font-weight: 400;\"><strong>Pr\u00e9miov\u00fd hodv\u00e1bny \u017eupan s dizajnom v\u00e1\u017eky \u2013 Ru\u010dne vyroben\u00fd zo 100% hodv\u00e1bu pre jemn\u00fd luxus a nad\u010dasov\u00fa eleganciu<\/strong><\/p>\n<p style=\"font-weight: 400;\">Za\u017eite v\u00fdnimo\u010dn\u00e9 chv\u00edle relax\u00e1cie a luxusu s na\u0161\u00edm pr\u00e9miov\u00fdm\u00a0<strong>d\u00e1mskym \u017eupanom zo 100% hodv\u00e1bu<\/strong>. N\u00e1dhern\u00fd \u017eupan, in\u0161pirovan\u00fd krehkos\u0165ou v\u00e1\u017eky, je oslavou kr\u00e1sy a jemnosti pr\u00edrody. V\u00e1\u017eka, symbol neskrotn\u00e9ho letu a harm\u00f3nie, sa v tomto dizajne objavuje ako tajomn\u00fd posol pr\u00edrody, ktor\u00fd jemne dotv\u00e1ra ka\u017ed\u00fd detail \u017eupanu svojou \u00e9terickou eleganciou. Jej jemn\u00e9 kr\u00eddla, prepleten\u00e9 slne\u010dn\u00fdm svetlom, pripom\u00ednaj\u00fa plavbu na v\u00e1nku, prin\u00e1\u0161aj\u00fac do v\u00e1\u0161ho ka\u017edodenn\u00e9ho \u017eivota pocit pokoja a rovnov\u00e1hy.<\/p>\n<p style=\"font-weight: 400;\">\u017dupan m\u00e1\u00a0<strong>perfektn\u00fd strih<\/strong>, ktor\u00fd je navrhnut\u00fd tak, aby sa prisp\u00f4sobil ka\u017edej postave a pon\u00fakol pohodlie a eleganciu pre v\u0161etky \u017eeny. Vo\u013en\u00fd, ale sofistikovan\u00fd strih zaru\u010duje, \u017ee ka\u017ed\u00fd pohyb je sprev\u00e1dzan\u00fd maxim\u00e1lnym komfortom. Hodv\u00e1b, ktor\u00fd je zn\u00e1my svojou jemnos\u0165ou a priedu\u0161nos\u0165ou, sa prirodzene prisp\u00f4sobuje telu, \u010d\u00edm zaru\u010duje nielen pohodlie, ale aj pocit luxusu na poko\u017eke.<\/p>\n<p style=\"font-weight: 400;\">Ka\u017ed\u00fd d\u00e1msky \u017eupan je\u00a0<strong>ru\u010dne vyroben\u00fd<\/strong>\u00a0s d\u00f4razom na prec\u00edznos\u0165 a kvalitu. Ru\u010dne \u0161it\u00e9 \u0161vy a starostliv\u00e9 spracovanie ka\u017ed\u00e9ho detailu rob\u00ed z tohto \u017eupanu jedine\u010dn\u00fd k\u00fasok, ktor\u00fd odr\u00e1\u017ea v\u00e1\u0161e\u0148 pre remeslo a eleganciu. Jemnos\u0165 hodv\u00e1bu v kombin\u00e1cii s dizajnom v\u00e1\u017eky vytv\u00e1ra harmonick\u00fd celok, ktor\u00fd prin\u00e1\u0161a pocit jemn\u00e9ho luxusu, vhodn\u00fd na ka\u017edodenn\u00e9 nosenie.<\/p>\n<h3>Pre\u010do si vybra\u0165 hodv\u00e1bny \u017eupan s dizajnom v\u00e1\u017eky?<\/h3>\n<ul style=\"font-weight: 400;\">\n<li><strong>100% pr\u00edrodn\u00fd hodv\u00e1b:<\/strong>\u00a0Luxusn\u00fd materi\u00e1l, ktor\u00fd je jemn\u00fd na dotyk, priedu\u0161n\u00fd a poskytuje v\u00fdnimo\u010dn\u00fd komfort.<\/li>\n<li><strong>Ru\u010dn\u00e1 v\u00fdroba:<\/strong> Ka\u017ed\u00fd \u017eupan je ru\u010dne zhotoven\u00fd s maxim\u00e1lnym d\u00f4razom na detaily a kvalitu, \u010do zaru\u010duje jeho jedine\u010dnos\u0165.<\/li>\n<li><strong>Autorsk\u00fd dizajn:<\/strong> V\u0161etky potla\u010de l\u00e1tok s\u00fa autorsk\u00fdmi dizajnmi z na\u0161ej dielne.<\/li>\n<li><strong>Perfektn\u00fd strih:<\/strong>\u00a0Navrhnut\u00fd tak, aby sa prisp\u00f4sobil ka\u017edej postave a poskytoval pohodlie aj eleganciu.<\/li>\n<li><strong>In\u0161pirovan\u00fd v\u00e1\u017ekou:<\/strong>\u00a0Jemn\u00fd dizajn v\u00e1\u017eky symbolizuje harm\u00f3niu, jemnos\u0165 a prirodzen\u00fa kr\u00e1su.<\/li>\n<li><strong>Prec\u00edzne spracovanie:<\/strong>\u00a0Ka\u017ed\u00fd detail, od \u0161vov po jemn\u00e9 zakon\u010denie, je starostlivo prepracovan\u00fd, aby zabezpe\u010dil estetick\u00fa dokonalos\u0165 a dlh\u00fa \u017eivotnos\u0165.<\/li>\n<\/ul>\n<p style=\"font-weight: 400;\">Doprajte si ka\u017ed\u00fd de\u0148 k\u00fasok pr\u00edrody a luxusu s na\u0161\u00edm hodv\u00e1bnym \u017eupanom, ktor\u00fd v\u00e1s zahal\u00ed do jemnosti hodv\u00e1bu a elegancie v\u00e1\u017eky. \u017dupan ako z\u00e1\u017eitok \u2013 zaru\u010d\u00ed v\u00e1m nielen pohodlie, ale aj pocit v\u00fdnimo\u010dnosti v ka\u017edom okamihu relaxu.<\/p>\n<\/div>\n<p><!-- .vgblk-rw-wrapper --><\/p>","protected":false},"excerpt":{"rendered":"<p>Pr\u00e9miov\u00fd hodv\u00e1bny \u017eupan s dizajnom v\u00e1\u017eky \u2013 Ru\u010dne vyroben\u00fd zo 100% hodv\u00e1bu pre jemn\u00fd luxus a nad\u010dasov\u00fa eleganciu Za\u017eite v\u00fdnimo\u010dn\u00e9 chv\u00edle relax\u00e1cie a luxusu s na\u0161\u00edm pr\u00e9miov\u00fdm\u00a0d\u00e1mskym \u017eupanom zo 100% hodv\u00e1bu. N\u00e1dhern\u00fd \u017eupan, in\u0161pirovan\u00fd krehkos\u0165ou v\u00e1\u017eky, je oslavou kr\u00e1sy a jemnosti pr\u00edrody. V\u00e1\u017eka, symbol neskrotn\u00e9ho letu a harm\u00f3nie, sa v tomto dizajne objavuje ako tajomn\u00fd&#8230;<\/p>","protected":false},"featured_media":990715,"template":"","meta":{"_acf_changed":false},"product_brand":[],"product_cat":[465,466],"product_tag":[225,230,239],"class_list":{"0":"post-988098","1":"product","2":"type-product","3":"status-publish","4":"has-post-thumbnail","6":"product_cat-oblecenie","7":"product_cat-zupany","8":"product_tag-hodvab","9":"product_tag-kratky-zupan","10":"product_tag-zvieraci-vzor","11":"pa_material-hodvab","12":"pa_velkost-xs","13":"pa_velkost-s","14":"pa_velkost-m","15":"pa_velkost-l","16":"pa_velkost-xl","17":"pa_vzor-vazka","18":"pa_vzor-zvieraci","20":"first","21":"instock","22":"taxable","23":"shipping-taxable","24":"purchasable","25":"product-type-variable"},"acf":[],"_links":{"self":[{"href":"https:\/\/www.balmora.store\/cs\/wp-json\/wp\/v2\/product\/988098","targetHints":{"allow":["GET"]}}],"collection":[{"href":"https:\/\/www.balmora.store\/cs\/wp-json\/wp\/v2\/product"}],"about":[{"href":"https:\/\/www.balmora.store\/cs\/wp-json\/wp\/v2\/types\/product"}],"wp:featuredmedia":[{"embeddable":true,"href":"https:\/\/www.balmora.store\/cs\/wp-json\/wp\/v2\/media\/990715"}],"wp:attachment":[{"href":"https:\/\/www.balmora.store\/cs\/wp-json\/wp\/v2\/media?parent=988098"}],"wp:term":[{"taxonomy":"product_brand","embeddable":true,"href":"https:\/\/www.balmora.store\/cs\/wp-json\/wp\/v2\/product_brand?post=988098"},{"taxonomy":"product_cat","embeddable":true,"href":"https:\/\/www.balmora.store\/cs\/wp-json\/wp\/v2\/product_cat?post=988098"},{"taxonomy":"product_tag","embeddable":true,"href":"https:\/\/www.balmora.store\/cs\/wp-json\/wp\/v2\/product_tag?post=988098"}],"curies":[{"name":"wp","href":"https:\/\/api.w.org\/{rel}","templated":true}]}}