{"id":988095,"date":"2024-05-30T12:45:23","date_gmt":"2024-05-30T10:45:23","guid":{"rendered":"https:\/\/www.balmora.store\/?post_type=product&#038;p=988095"},"modified":"2025-12-19T00:54:24","modified_gmt":"2025-12-18T23:54:24","slug":"kvetinovy-vzor-florseca-dlhy-hodvabny-zupan","status":"publish","type":"product","link":"https:\/\/www.balmora.store\/cs\/obchod\/kvetinovy-vzor-florseca-dlhy-hodvabny-zupan\/","title":{"rendered":"Kv\u011btinov\u00fd vzor Florseca | Dlouh\u00fd hedv\u00e1bn\u00fd \u017eupan"},"content":{"rendered":"<div class=\"vgblk-rw-wrapper limit-wrapper\">\n<p style=\"font-weight: 400;\"><strong>Pr\u00e9miov\u00fd hodv\u00e1bny \u017eupan s kvetinov\u00fdm vzorom Florseca \u2013 Ru\u010dne vyroben\u00fd zo 100% hodv\u00e1bu pre eleganciu a komfort<\/strong><\/p>\n<p style=\"font-weight: 400;\">Nechajte sa un\u00e1\u0161a\u0165 k\u00fazlom kvetov s na\u0161\u00edm pr\u00e9miov\u00fdm\u00a0<strong>d\u00e1mskym \u017eupanom zo 100% hodv\u00e1bu<\/strong>\u00a0s n\u00e1dhern\u00fdm kvetinov\u00fdm vzorom\u00a0<strong>Florseca<\/strong>. Tento unik\u00e1tny dizajn pripom\u00edna rozpr\u00e1vkov\u00fd svet, kde kvety o\u017e\u00edvaj\u00fa a prin\u00e1\u0161aj\u00fa do ka\u017ed\u00e9ho d\u0148a pocit elegancie a p\u00f4vabu. Vzor Florseca oslavuje kr\u00e1su a z\u00e1zrak pr\u00edrody, pri\u010dom jemn\u00e9 kvetinov\u00e9 detaily vytv\u00e1raj\u00fa dojem v\u00fdnimo\u010dnosti a jemnej rafinovanosti, ktor\u00e1 zaujme na prv\u00fd poh\u013ead.<\/p>\n<p style=\"font-weight: 400;\">\u017dupan Balmora m\u00e1 <strong>perfektn\u00fd strih<\/strong>, ktor\u00fd re\u0161pektuje r\u00f4znorodos\u0165 \u017eensk\u00fdch post\u00e1v a prisp\u00f4sobuje sa im tak, aby zabezpe\u010dil maxim\u00e1lne pohodlie bez oh\u013eadu na va\u0161u ve\u013ekos\u0165. Hodv\u00e1b, z ktor\u00e9ho je \u017eupan vyroben\u00fd, je synonymom luxusu \u2013 jeho jemnos\u0165, priedu\u0161nos\u0165 a prirodzen\u00fd lesk zais\u0165uj\u00fa, \u017ee ka\u017ed\u00fd dotyk s poko\u017ekou je pr\u00edjemn\u00fd a zanech\u00e1va pocit neporovnate\u013en\u00e9ho pohodlia.<\/p>\n<p style=\"font-weight: 400;\">Ka\u017ed\u00fd \u017eupan je\u00a0<strong>ru\u010dne spracovan\u00fd<\/strong>\u00a0s najvy\u0161\u0161ou starostlivos\u0165ou, \u010do sa odr\u00e1\u017ea v ka\u017edom detaily \u2013 od jemn\u00fdch \u0161vov a\u017e po prec\u00edzne prepracovan\u00e9 okraje. Ka\u017ed\u00fd steh je ako \u0161epot elegancie, jemne sa dot\u00fdkaj\u00fac poko\u017eky a poskytuj\u00faci jemn\u00fd pocit luxusu, ktor\u00fd v\u00e1s obklop\u00ed pri ka\u017edom nosen\u00ed. Tento \u017eupan nie je len praktick\u00fdm k\u00faskom pre chv\u00edle relaxu, ale aj m\u00f3dnym doplnkom, ktor\u00fd do va\u0161ich dn\u00ed vn\u00e1\u0161a k\u00fasok pr\u00edrody a rozpr\u00e1vky.<\/p>\n<p style=\"font-weight: 400;\"><strong>Pre\u010do si vybra\u0165 n\u00e1\u0161 hodv\u00e1bny \u017eupan s kvetinov\u00fdm vzorom Florseca?<\/strong><\/p>\n<ul style=\"font-weight: 400;\">\n<li><strong>100% pr\u00edrodn\u00fd hodv\u00e1b:<\/strong>\u00a0Luxusn\u00fd, jemn\u00fd a priedu\u0161n\u00fd materi\u00e1l, ktor\u00fd poskytuje pocit pohodlia a neporovnate\u013enej m\u00e4kkosti.<\/li>\n<li><strong>Ru\u010dn\u00e1 v\u00fdroba:<\/strong> \u017dupan Balmora je ru\u010dne zhotoven\u00fd s d\u00f4razom na kvalitu a detaily, \u010do zaru\u010duje jedine\u010dnos\u0165 ka\u017ed\u00e9ho kusu.<\/li>\n<li><strong>Perfektn\u00fd strih:<\/strong>\u00a0Navrhnut\u00fd tak, aby sa prisp\u00f4sobil v\u0161etk\u00fdm postav\u00e1m, poskytuj\u00fac maxim\u00e1lny komfort a vo\u013enos\u0165 pohybu.<\/li>\n<li><strong>Unik\u00e1tny kvetinov\u00fd vzor Florseca:<\/strong> Vzor, ktor\u00fd oslavuje kr\u00e1su pr\u00edrody a dod\u00e1va \u017eupanu romantick\u00fd a nad\u010dasov\u00fd vzh\u013ead. V\u0161etky potla\u010de l\u00e1tok s\u00fa autorsk\u00fdmi dizajnmi z na\u0161ej dielne.<\/li>\n<li><strong>Prec\u00edzne spracovanie:<\/strong>\u00a0Ka\u017ed\u00fd detail, od \u0161vov po zakon\u010denie, je starostlivo prepracovan\u00fd pre dlhodob\u00e9 pou\u017e\u00edvanie a estetick\u00fa dokonalos\u0165.<\/li>\n<\/ul>\n<p style=\"font-weight: 400;\">Za\u017eite okamihy dokonal\u00e9ho relaxu a \u0161t\u00fdlu s t\u00fdmto pr\u00e9miov\u00fdm hodv\u00e1bnym \u017eupanom, ktor\u00fd kombinuje luxusn\u00e9 materi\u00e1ly, kvetinov\u00fa kr\u00e1su a prec\u00edzne spracovanie. Nechajte sa zahali\u0165 do jemn\u00e9ho hodv\u00e1bu a elegancie, ktor\u00e9 v\u00e1m prin\u00e1\u0161aj\u00fa kvetinov\u00fd svet priamo do va\u0161ej sp\u00e1lne.<\/p>\n<\/div>\n<p><!-- .vgblk-rw-wrapper --><\/p>","protected":false},"excerpt":{"rendered":"<p class=\"article\">D\u00e9lka: 132 cm<\/p>\n<p class=\"article\">Styl: Oversize s propracovan\u00fdm l\u00edmcem a \u0161irok\u00fdm ruk\u00e1vem<\/p>\n<p class=\"article\">Modelka: m\u011b\u0159\u00ed 177 cm a nos\u00ed velikost S<\/p>","protected":false},"featured_media":990788,"template":"","meta":{"_acf_changed":false},"product_brand":[],"product_cat":[465,466],"product_tag":[232,225,238],"class_list":{"0":"post-988095","1":"product","2":"type-product","3":"status-publish","4":"has-post-thumbnail","6":"product_cat-oblecenie","7":"product_cat-zupany","8":"product_tag-dlhy-zupan","9":"product_tag-hodvab","10":"product_tag-kvetinovy-vzor","11":"pa_material-hodvab","12":"pa_material-hodvabny-saten","13":"pa_velkost-xs","14":"pa_velkost-s","15":"pa_velkost-m","16":"pa_velkost-l","17":"pa_velkost-xl","18":"pa_vzor-florseca","19":"pa_vzor-kvetinovy","21":"first","22":"onbackorder","23":"featured","24":"taxable","25":"shipping-taxable","26":"purchasable","27":"product-type-variable"},"acf":[],"_links":{"self":[{"href":"https:\/\/www.balmora.store\/cs\/wp-json\/wp\/v2\/product\/988095","targetHints":{"allow":["GET"]}}],"collection":[{"href":"https:\/\/www.balmora.store\/cs\/wp-json\/wp\/v2\/product"}],"about":[{"href":"https:\/\/www.balmora.store\/cs\/wp-json\/wp\/v2\/types\/product"}],"wp:featuredmedia":[{"embeddable":true,"href":"https:\/\/www.balmora.store\/cs\/wp-json\/wp\/v2\/media\/990788"}],"wp:attachment":[{"href":"https:\/\/www.balmora.store\/cs\/wp-json\/wp\/v2\/media?parent=988095"}],"wp:term":[{"taxonomy":"product_brand","embeddable":true,"href":"https:\/\/www.balmora.store\/cs\/wp-json\/wp\/v2\/product_brand?post=988095"},{"taxonomy":"product_cat","embeddable":true,"href":"https:\/\/www.balmora.store\/cs\/wp-json\/wp\/v2\/product_cat?post=988095"},{"taxonomy":"product_tag","embeddable":true,"href":"https:\/\/www.balmora.store\/cs\/wp-json\/wp\/v2\/product_tag?post=988095"}],"curies":[{"name":"wp","href":"https:\/\/api.w.org\/{rel}","templated":true}]}}