{"id":988024,"date":"2024-05-30T11:29:54","date_gmt":"2024-05-30T09:29:54","guid":{"rendered":"https:\/\/www.balmora.store\/?post_type=product&#038;p=988024"},"modified":"2026-01-16T21:02:39","modified_gmt":"2026-01-16T20:02:39","slug":"sedy-dark-grey-dlhy-hodvabny-zupan","status":"publish","type":"product","link":"https:\/\/www.balmora.store\/cs\/obchod\/sedy-dark-grey-dlhy-hodvabny-zupan\/","title":{"rendered":"\u0160ed\u00fd Dark Grey | Dlouh\u00fd hedv\u00e1bn\u00fd \u017eupan"},"content":{"rendered":"<div class=\"vgblk-rw-wrapper limit-wrapper\">\n<p style=\"font-weight: 400;\"><strong>Pr\u00e9miov\u00fd hodv\u00e1bny \u017eupan v tmavo\u0161edej \u2013 Ru\u010dne vyroben\u00fd zo 100% hodv\u00e1bu<\/strong><\/p>\n<p style=\"font-weight: 400;\">Zaha\u013ete sa do luxusu a sofistikovanosti s na\u0161\u00edm pr\u00e9miov\u00fdm\u00a0<strong>d\u00e1mskym \u017eupanom zo 100% hodv\u00e1bu<\/strong>\u00a0v u\u0161\u013eachtilej tmavo\u0161edej farbe. Tento odtie\u0148, ktor\u00fd sa \u010dasto sp\u00e1ja s eleganciou, stabilitou a autoritou, dod\u00e1va \u017eupanu profesion\u00e1lny, no z\u00e1rove\u0148 nad\u010dasov\u00fd vzh\u013ead. Tmavo\u0161ed\u00e1 sa pova\u017euje za konzervat\u00edvnu, chladn\u00fa farbu, no v kombin\u00e1cii s luxusn\u00fdm hodv\u00e1bom z\u00edskava na m\u00e4kkosti a jemnosti, \u010d\u00edm vytv\u00e1ra perfektn\u00fa rovnov\u00e1hu medzi \u0161t\u00fdlom a pohodl\u00edm.<\/p>\n<p style=\"font-weight: 400;\">\u017dupan m\u00e1\u00a0<strong>oversize strih<\/strong>, ktor\u00fd sa prisp\u00f4sob\u00ed ka\u017edej postave a poskytuje maxim\u00e1lny komfort. Vo\u013en\u00fd strih zaru\u010duje, \u017ee \u017eupan nie je len pohodln\u00fd, ale aj elegantn\u00fd \u2013 dok\u00e1\u017ee obali\u0165 telo v jemnom hodv\u00e1bnom objat\u00ed, \u010d\u00edm sa st\u00e1va ide\u00e1lnym spolo\u010dn\u00edkom na chv\u00edle relax\u00e1cie a oddychu. Hodv\u00e1b je jedn\u00fdm z najluxusnej\u0161\u00edch materi\u00e1lov, zn\u00e1my svojou priedu\u0161nos\u0165ou, jemnos\u0165ou a prirodzen\u00fdm leskom, \u010do poskytuje mimoriadny komfort a pr\u00edjemn\u00fd dotyk na poko\u017eke.<\/p>\n<p style=\"font-weight: 400;\">Ka\u017ed\u00fd detail tohto \u017eupanu je\u00a0<strong>starostlivo prepracovan\u00fd<\/strong>\u00a0ru\u010dn\u00fdmi majstrami. Od prec\u00edznych \u0161vov a\u017e po dokonale spracovan\u00e9 okraje \u2013 ka\u017ed\u00fd aspekt \u017eupanu je vytvoren\u00fd s d\u00f4razom na kvalitu a dlhotrvaj\u00facu kr\u00e1su. V\u010faka svojej jemnosti a priedu\u0161nosti je hodv\u00e1bny \u017eupan ide\u00e1lny na ka\u017edodenn\u00e9 nosenie, \u010di u\u017e po dlhom dni str\u00e1venom v pr\u00e1ci, alebo po\u010das relaxa\u010dn\u00fdch chv\u00ed\u013e doma.<\/p>\n<p style=\"font-weight: 400;\"><strong>Pre\u010do si vybra\u0165 n\u00e1\u0161 hodv\u00e1bny \u017eupan v tmavo\u0161edej farbe?<\/strong><\/p>\n<ul style=\"font-weight: 400;\">\n<li><strong>100% pr\u00edrodn\u00fd hodv\u00e1b:<\/strong>\u00a0Luxusn\u00fd materi\u00e1l, ktor\u00fd je priedu\u0161n\u00fd, jemn\u00fd a pr\u00edjemn\u00fd na dotyk.<\/li>\n<li><strong>Ru\u010dn\u00e1 v\u00fdroba:<\/strong>\u00a0Ka\u017ed\u00fd \u017eupan je ru\u010dne zhotoven\u00fd s d\u00f4razom na prec\u00edznos\u0165 a kvalitu.<\/li>\n<li><strong>Oversize dizajn:<\/strong>\u00a0Vo\u013en\u00fd strih zaru\u010duje pohodlie a prisp\u00f4sob\u00ed sa v\u0161etk\u00fdm postav\u00e1m, bez kompromisov v elegancii.<\/li>\n<li><strong>\u0160t\u00fdlov\u00e1 farba:<\/strong>\u00a0Tmavo\u0161ed\u00e1 je farba, ktor\u00e1 prin\u00e1\u0161a do va\u0161ich chv\u00ed\u013e relax\u00e1cie pocit stability, sily a autority.<\/li>\n<li><strong>Prec\u00edzne spracovanie:<\/strong>\u00a0Ka\u017ed\u00fd \u0161ev a detail s\u00fa starostlivo spracovan\u00e9 pre dlhodob\u00e9 pou\u017e\u00edvanie a estetick\u00fa dokonalos\u0165.<\/li>\n<\/ul>\n<p style=\"font-weight: 400;\">Doprajte si ka\u017edodenn\u00fd luxus a eleganciu s na\u0161\u00edm hodv\u00e1bnym \u017eupanom v tmavo\u0161edej farbe, ktor\u00fd v\u00e1m prinesie pr\u00edjemn\u00fd pocit pohodlia a sebavedomia. \u017dupan Balmora je invest\u00edciou do va\u0161ej pohody a \u0161t\u00fdlu, ktor\u00e1 v\u00e1m umo\u017en\u00ed u\u017e\u00edva\u0165 si ka\u017ed\u00fd moment v jedine\u010dnom komforte.<\/p>\n<\/div>\n<p><!-- .vgblk-rw-wrapper --><\/p>","protected":false},"excerpt":{"rendered":"<p class=\"article\">D\u00e9lka: 132 cm<\/p>\n<p class=\"article\">Styl: Oversize s propracovan\u00fdm l\u00edmcem a \u0161irok\u00fdm ruk\u00e1vem<\/p>\n<p class=\"article\">Modelka: 174 cm, oble\u010den\u00fa m\u00e1 ve\u013ekos\u0165 S<\/p>","protected":false},"featured_media":990800,"template":"","meta":{"_acf_changed":false},"product_brand":[],"product_cat":[465,466],"product_tag":[232,225,240],"class_list":{"0":"post-988024","1":"product","2":"type-product","3":"status-publish","4":"has-post-thumbnail","6":"product_cat-oblecenie","7":"product_cat-zupany","8":"product_tag-dlhy-zupan","9":"product_tag-hodvab","10":"product_tag-jednofarebny","11":"pa_material-hodvab","12":"pa_velkost-xs","13":"pa_velkost-s","14":"pa_velkost-m","15":"pa_velkost-l","16":"pa_velkost-xl","17":"pa_vzor-jednofarebny","19":"first","20":"instock","21":"sale","22":"taxable","23":"shipping-taxable","24":"purchasable","25":"product-type-variable"},"acf":[],"_links":{"self":[{"href":"https:\/\/www.balmora.store\/cs\/wp-json\/wp\/v2\/product\/988024","targetHints":{"allow":["GET"]}}],"collection":[{"href":"https:\/\/www.balmora.store\/cs\/wp-json\/wp\/v2\/product"}],"about":[{"href":"https:\/\/www.balmora.store\/cs\/wp-json\/wp\/v2\/types\/product"}],"wp:featuredmedia":[{"embeddable":true,"href":"https:\/\/www.balmora.store\/cs\/wp-json\/wp\/v2\/media\/990800"}],"wp:attachment":[{"href":"https:\/\/www.balmora.store\/cs\/wp-json\/wp\/v2\/media?parent=988024"}],"wp:term":[{"taxonomy":"product_brand","embeddable":true,"href":"https:\/\/www.balmora.store\/cs\/wp-json\/wp\/v2\/product_brand?post=988024"},{"taxonomy":"product_cat","embeddable":true,"href":"https:\/\/www.balmora.store\/cs\/wp-json\/wp\/v2\/product_cat?post=988024"},{"taxonomy":"product_tag","embeddable":true,"href":"https:\/\/www.balmora.store\/cs\/wp-json\/wp\/v2\/product_tag?post=988024"}],"curies":[{"name":"wp","href":"https:\/\/api.w.org\/{rel}","templated":true}]}}