{"id":1002224,"date":"2025-01-26T22:09:19","date_gmt":"2025-01-26T21:09:19","guid":{"rendered":"https:\/\/www.balmora.store\/?post_type=product&#038;p=1002224"},"modified":"2026-01-11T22:37:03","modified_gmt":"2026-01-11T21:37:03","slug":"magentovo-ruzovy-kratky-satenovy-zupan","status":"publish","type":"product","link":"https:\/\/www.balmora.store\/cs\/obchod\/magentovo-ruzovy-kratky-satenovy-zupan\/","title":{"rendered":"Magentov\u011b r\u016f\u017eov\u00fd | Kr\u00e1tk\u00fd sat\u00e9nov\u00fd \u017eupan"},"content":{"rendered":"<div class=\"vgblk-rw-wrapper limit-wrapper\">\n<p style=\"font-weight: 400;\"><strong>Pr\u00e9miov\u00fd \u017eupan z hodv\u00e1bneho sat\u00e9nu v magentovo ru\u017eovej farbe \u2013 Ru\u010dne vyroben\u00fd pre odv\u00e1\u017enu eleganciu a komfort<\/strong><\/p>\n<p style=\"font-weight: 400;\">Objavte kr\u00e1su a luxus s na\u0161\u00edm\u00a0<strong>d\u00e1mskym \u017eupanom z pr\u00e9miov\u00e9ho hodv\u00e1bneho sat\u00e9nu v neprehliadnute\u013enej magentovej ru\u017eovej<\/strong>.<\/p>\n<p style=\"font-weight: 400;\">\u017dupan Balmora m\u00e1 <strong>perfektn\u00fd strih<\/strong>, ktor\u00fd re\u0161pektuje r\u00f4znorodos\u0165 \u017eensk\u00fdch post\u00e1v a prisp\u00f4sobuje sa im tak, aby zabezpe\u010dil maxim\u00e1lne pohodlie bez oh\u013eadu na va\u0161u ve\u013ekos\u0165. Hodv\u00e1bny sat\u00e9n, z ktor\u00e9ho je \u017eupan vyroben\u00fd, je synonymom luxusu \u2013 jeho jemnos\u0165, priedu\u0161nos\u0165 a prirodzen\u00fd lesk zais\u0165uj\u00fa, \u017ee ka\u017ed\u00fd dotyk s poko\u017ekou je pr\u00edjemn\u00fd a zanech\u00e1va pocit neporovnate\u013en\u00e9ho pohodlia.<\/p>\n<p style=\"font-weight: 400;\">Ka\u017ed\u00fd \u017eupan je\u00a0<strong>ru\u010dne spracovan\u00fd<\/strong> s najvy\u0161\u0161ou starostlivos\u0165ou, \u010do sa odr\u00e1\u017ea v ka\u017edom detaily \u2013 od jemn\u00fdch \u0161vov a\u017e po prec\u00edzne prepracovan\u00e9 okraje. Ka\u017ed\u00fd steh je ako \u0161epot elegancie, jemne sa dot\u00fdkaj\u00fac poko\u017eky a poskytuj\u00faci jemn\u00fd pocit luxusu, ktor\u00fd v\u00e1s obklop\u00ed pri ka\u017edom nosen\u00ed. \u017dupan nie je len praktick\u00fdm k\u00faskom pre chv\u00edle relaxu, ale aj m\u00f3dnym doplnkom, ktor\u00fd do va\u0161ich dn\u00ed vn\u00e1\u0161a k\u00fasok pr\u00edrody a rozpr\u00e1vky.<\/p>\n<p style=\"font-weight: 400;\"><strong>Pre\u010do si vybra\u0165 \u017eupan Balmora?<\/strong><\/p>\n<ul style=\"font-weight: 400;\">\n<li><strong>Luxusn\u00fd hodv\u00e1bny sat\u00e9n<\/strong>: Hladk\u00fd, priedu\u0161n\u00fd a jemn\u00fd na dotyk.<\/li>\n<li><strong>Ru\u010dn\u00e1 v\u00fdroba:<\/strong> \u017dupan Balmora je ru\u010dne zhotoven\u00fd s d\u00f4razom na kvalitu a detaily, \u010do zaru\u010duje jedine\u010dnos\u0165 ka\u017ed\u00e9ho kusu.<\/li>\n<li><strong>Perfektn\u00fd strih:<\/strong>\u00a0Navrhnut\u00fd tak, aby sa prisp\u00f4sobil v\u0161etk\u00fdm postav\u00e1m, poskytuj\u00fac maxim\u00e1lny komfort a vo\u013enos\u0165 pohybu.<\/li>\n<li><strong>Prec\u00edzne spracovanie:<\/strong>\u00a0Ka\u017ed\u00fd detail, od \u0161vov po zakon\u010denie, je starostlivo prepracovan\u00fd pre dlhodob\u00e9 pou\u017e\u00edvanie a estetick\u00fa dokonalos\u0165.<\/li>\n<\/ul>\n<p style=\"font-weight: 400;\">Za\u017eite okamihy dokonal\u00e9ho relaxu a \u0161t\u00fdlu s pr\u00e9miov\u00fdm \u017eupanom, ktor\u00fd kombinuje luxusn\u00e9 materi\u00e1ly, romantick\u00fa farbu a prec\u00edzne spracovanie. \u017dupan ako z\u00e1\u017eitok, ktor\u00fd v\u00e1m poskytne ka\u017edodenn\u00fd pocit v\u00fdnimo\u010dnosti a prinesie do va\u0161ich chv\u00ed\u013e relax\u00e1cie d\u00e1vku jemn\u00e9ho luxusu.<\/p>\n<\/div>\n<p><!-- .vgblk-rw-wrapper --><\/p>","protected":false},"excerpt":{"rendered":"<p class=\"article\">D\u013a\u017eka: 87 cm<\/p>\n<p class=\"article\">Styl: Oversize s propracovan\u00fdm l\u00edmcem a \u0161irok\u00fdm ruk\u00e1vem<\/p>\n<p class=\"article\">Modelka: 155 cm, oble\u010den\u00fa m\u00e1 ve\u013ekos\u0165 M<\/p>","protected":false},"featured_media":1002232,"template":"","meta":{"_acf_changed":false},"product_brand":[],"product_cat":[465],"product_tag":[226,240,230],"class_list":{"0":"post-1002224","1":"product","2":"type-product","3":"status-publish","4":"has-post-thumbnail","6":"product_cat-oblecenie","7":"product_tag-hodvabny-saten","8":"product_tag-jednofarebny","9":"product_tag-kratky-zupan","10":"pa_material-hodvabny-saten","11":"pa_velkost-xs","12":"pa_velkost-s","13":"pa_velkost-m","14":"pa_velkost-l","15":"pa_velkost-xl","16":"pa_vzor-jednofarebny","18":"first","19":"instock","20":"sale","21":"taxable","22":"shipping-taxable","23":"purchasable","24":"product-type-variable"},"acf":[],"_links":{"self":[{"href":"https:\/\/www.balmora.store\/cs\/wp-json\/wp\/v2\/product\/1002224","targetHints":{"allow":["GET"]}}],"collection":[{"href":"https:\/\/www.balmora.store\/cs\/wp-json\/wp\/v2\/product"}],"about":[{"href":"https:\/\/www.balmora.store\/cs\/wp-json\/wp\/v2\/types\/product"}],"wp:featuredmedia":[{"embeddable":true,"href":"https:\/\/www.balmora.store\/cs\/wp-json\/wp\/v2\/media\/1002232"}],"wp:attachment":[{"href":"https:\/\/www.balmora.store\/cs\/wp-json\/wp\/v2\/media?parent=1002224"}],"wp:term":[{"taxonomy":"product_brand","embeddable":true,"href":"https:\/\/www.balmora.store\/cs\/wp-json\/wp\/v2\/product_brand?post=1002224"},{"taxonomy":"product_cat","embeddable":true,"href":"https:\/\/www.balmora.store\/cs\/wp-json\/wp\/v2\/product_cat?post=1002224"},{"taxonomy":"product_tag","embeddable":true,"href":"https:\/\/www.balmora.store\/cs\/wp-json\/wp\/v2\/product_tag?post=1002224"}],"curies":[{"name":"wp","href":"https:\/\/api.w.org\/{rel}","templated":true}]}}