{"id":1000392,"date":"2024-12-17T19:32:01","date_gmt":"2024-12-17T18:32:01","guid":{"rendered":"https:\/\/www.balmora.store\/?post_type=product&#038;p=1000392"},"modified":"2026-01-13T22:34:43","modified_gmt":"2026-01-13T21:34:43","slug":"kvetinovy-vzor-protea-tmava-dlhy-satenovy-zupan","status":"publish","type":"product","link":"https:\/\/www.balmora.store\/cs\/obchod\/kvetinovy-vzor-protea-tmava-dlhy-satenovy-zupan\/","title":{"rendered":"Vzne\u0161en\u00fd mot\u00edv Volavka | Dlh\u00fd sat\u00e9nov\u00fd \u017eupan"},"content":{"rendered":"<div class=\"vgblk-rw-wrapper limit-wrapper\">\n<p style=\"font-weight: 400;\"><strong>Pr\u00e9miov\u00fd \u017eupan z hodv\u00e1bneho sat\u00e9nu s<\/strong><strong> autorsk\u00fdm dizajnom Volavka \u2013 Ru\u010dne vyroben\u00fd pre odv\u00e1\u017enu eleganciu a komfort<\/strong><\/p>\n<p style=\"font-weight: 400;\">Objavte kr\u00e1su a luxus s na\u0161\u00edm\u00a0<strong>d\u00e1mskym \u017eupanom z pr\u00e9miov\u00e9ho hodv\u00e1bneho sat\u00e9nu<\/strong>, in\u0161pirovan\u00fdm vzne\u0161en\u00fdm mot\u00edvom <strong>Volavky<\/strong>. Elegantn\u00e9 stvorenie, ktor\u00e9 je symbolom ladnosti, vn\u00fatornej sily a odhodlania obst\u00e1\u0165 aj v nehostinn\u00fdch podmienkach. Jeho prirodzen\u00e1 d\u00f4stojnos\u0165 a vytrvalos\u0165, spojen\u00e1 s jemnos\u0165ou a p\u00f4vabom, sa odr\u00e1\u017ea v ka\u017edom detaile tohto luxusn\u00e9ho \u017eupanu.<\/p>\n<p>Ka\u017ed\u00fd steh a z\u00e1hyb s\u00fa premyslen\u00fdm stv\u00e1rnen\u00edm tichej elegancie, ktor\u00fa volavka tak majest\u00e1tne nesie. \u017dupan, ktor\u00fd prin\u00e1\u0161a pocit exkluz\u00edvnej starostlivosti, zatia\u013e \u010do svoj\u00edm prepracovan\u00fdm vzorom vzd\u00e1va hold pr\u00edrodnej kr\u00e1se a harm\u00f3nii. U\u017eite si chv\u00edle odpo\u010dinku zahalen\u00e1 v k\u00fasok, ktor\u00fd steles\u0148uje vyrovnanos\u0165, noblesu a jemn\u00fa vzne\u0161enos\u0165.<\/p>\n<p style=\"font-weight: 400;\">Ka\u017ed\u00fd \u017eupan <strong>Balmora<\/strong>\u00a0je\u00a0<strong>ru\u010dne vyroben\u00fd<\/strong>, \u010do znamen\u00e1, \u017ee ka\u017ed\u00fd detail, od \u0161vov a\u017e po kone\u010dn\u00e9 \u00fapravy, je vytvoren\u00fd s maxim\u00e1lnou starostlivos\u0165ou. Proces ru\u010dnej v\u00fdroby zaru\u010duje jedine\u010dnos\u0165 ka\u017ed\u00e9ho k\u00fasku a zabezpe\u010duje vysok\u00fa kvalitu, ktor\u00e1 v\u00e1m poskytne nielen pohodlie, ale aj pocit v\u00fdnimo\u010dnosti.<\/p>\n<h3>Pre\u010do si vybra\u0165 \u017eupan z hodv\u00e1bneho sat\u00e9nu?<\/h3>\n<ul style=\"font-weight: 400;\">\n<li><strong>Luxusn\u00fd hodv\u00e1bny sat\u00e9n<\/strong>: Hladk\u00fd, priedu\u0161n\u00fd a jemn\u00fd na dotyk<\/li>\n<li><strong>Ru\u010dn\u00e1 v\u00fdroba:<\/strong>\u00a0Ka\u017ed\u00fd \u017eupan je ru\u010dne zhotoven\u00fd s d\u00f4razom na kvalitu a detail, \u010do zaru\u010duje jeho jedine\u010dnos\u0165 a dlh\u00fa \u017eivotnos\u0165.<\/li>\n<li><strong>Autorsk\u00fd dizajn:<\/strong> V\u0161etky potla\u010de l\u00e1tok s\u00fa autorsk\u00fdmi dizajnmi z na\u0161ej dielne.<\/li>\n<li><strong>Perfektn\u00fd strih: <\/strong>Navrhnut\u00fd tak, aby sa prisp\u00f4sobil v\u0161etk\u00fdm typom post\u00e1v, zd\u00f4raz\u0148uj\u00fac \u017eenskos\u0165 a eleganciu.<\/li>\n<li><strong>Prec\u00edzne spracovanie: <\/strong>Ka\u017ed\u00fd detail, od jemn\u00fdch stehov po starostlivo spracovan\u00e9 zakon\u010denie, aby poskytol pocit luxusu pri ka\u017edom nosen\u00ed.<\/li>\n<\/ul>\n<p style=\"font-weight: 400;\">Nechajte sa zahali\u0165 do n\u00e1\u0161ho pr\u00e9miov\u00e9ho \u017eupanu so zvierac\u00edm vzorom volavka\u00a0a za\u017eite dokonal\u00fa kombin\u00e1ciu luxusu, elegancie a pohodlia. \u017dupan ako z\u00e1\u017eitok, ktor\u00fd v\u00e1m poskytne ka\u017edodenn\u00fd pocit v\u00fdnimo\u010dnosti a prinesie do va\u0161ich chv\u00ed\u013e relax\u00e1cie d\u00e1vku jemn\u00e9ho, odv\u00e1\u017eneho luxusu.<\/p>\n<\/div>\n<p><!-- .vgblk-rw-wrapper --><\/p>","protected":false},"excerpt":{"rendered":"<p class=\"article\">D\u00e9lka: 132 cm<\/p>\n<p class=\"article\">Styl: Oversize s propracovan\u00fdm l\u00edmcem a \u0161irok\u00fdm ruk\u00e1vem<\/p>\n<p class=\"article\">Modelka: m\u011b\u0159\u00ed 177 cm a nos\u00ed velikost S<\/p>","protected":false},"featured_media":1000439,"template":"","meta":{"_acf_changed":false},"product_brand":[],"product_cat":[465],"product_tag":[232,226],"class_list":{"0":"post-1000392","1":"product","2":"type-product","3":"status-publish","4":"has-post-thumbnail","6":"product_cat-oblecenie","7":"product_tag-dlhy-zupan","8":"product_tag-hodvabny-saten","9":"pa_material-hodvabny-saten","10":"pa_velkost-xs","11":"pa_velkost-s","12":"pa_velkost-m","13":"pa_velkost-l","14":"pa_velkost-xl","15":"pa_vzor-zvieraci","17":"first","18":"instock","19":"sale","20":"featured","21":"taxable","22":"shipping-taxable","23":"purchasable","24":"product-type-variable"},"acf":[],"_links":{"self":[{"href":"https:\/\/www.balmora.store\/cs\/wp-json\/wp\/v2\/product\/1000392","targetHints":{"allow":["GET"]}}],"collection":[{"href":"https:\/\/www.balmora.store\/cs\/wp-json\/wp\/v2\/product"}],"about":[{"href":"https:\/\/www.balmora.store\/cs\/wp-json\/wp\/v2\/types\/product"}],"wp:featuredmedia":[{"embeddable":true,"href":"https:\/\/www.balmora.store\/cs\/wp-json\/wp\/v2\/media\/1000439"}],"wp:attachment":[{"href":"https:\/\/www.balmora.store\/cs\/wp-json\/wp\/v2\/media?parent=1000392"}],"wp:term":[{"taxonomy":"product_brand","embeddable":true,"href":"https:\/\/www.balmora.store\/cs\/wp-json\/wp\/v2\/product_brand?post=1000392"},{"taxonomy":"product_cat","embeddable":true,"href":"https:\/\/www.balmora.store\/cs\/wp-json\/wp\/v2\/product_cat?post=1000392"},{"taxonomy":"product_tag","embeddable":true,"href":"https:\/\/www.balmora.store\/cs\/wp-json\/wp\/v2\/product_tag?post=1000392"}],"curies":[{"name":"wp","href":"https:\/\/api.w.org\/{rel}","templated":true}]}}