{"id":991117,"date":"2024-09-18T13:43:24","date_gmt":"2024-09-18T11:43:24","guid":{"rendered":"https:\/\/www.balmora.store\/?page_id=991117"},"modified":"2024-09-18T13:44:22","modified_gmt":"2024-09-18T11:44:22","slug":"contact","status":"publish","type":"page","link":"https:\/\/www.balmora.store\/cs\/contact\/","title":{"rendered":"Contact"},"content":{"rendered":"<div data-elementor-type=\"wp-page\" data-elementor-id=\"991117\" class=\"elementor elementor-991117\" data-elementor-post-type=\"page\">\n\t\t\t\t<div class=\"elementor-element elementor-element-de76aab e-con-full e-flex e-con e-parent\" data-id=\"de76aab\" data-element_type=\"container\">\n\t\t\t\t<div class=\"elementor-element elementor-element-7bed771 elementor-widget elementor-widget-image\" data-id=\"7bed771\" data-element_type=\"widget\" data-widget_type=\"image.default\">\n\t\t\t\t<div class=\"elementor-widget-container\">\n\t\t\t\t\t\t\t\t\t\t\t\t\t\t\t<img fetchpriority=\"high\" decoding=\"async\" width=\"1920\" height=\"2560\" src=\"https:\/\/www.balmora.store\/wp-content\/uploads\/2024\/06\/IMG_2447-scaled.webp\" class=\"attachment-full size-full wp-image-989356\" alt=\"\" srcset=\"https:\/\/www.balmora.store\/wp-content\/uploads\/2024\/06\/IMG_2447-scaled.webp 1920w, https:\/\/www.balmora.store\/wp-content\/uploads\/2024\/06\/IMG_2447-scaled-1300x1733.webp 1300w, https:\/\/www.balmora.store\/wp-content\/uploads\/2024\/06\/IMG_2447-scaled-64x85.webp 64w, https:\/\/www.balmora.store\/wp-content\/uploads\/2024\/06\/IMG_2447-225x300.webp 225w, https:\/\/www.balmora.store\/wp-content\/uploads\/2024\/06\/IMG_2447-768x1024.webp 768w, https:\/\/www.balmora.store\/wp-content\/uploads\/2024\/06\/IMG_2447-1152x1536.webp 1152w, https:\/\/www.balmora.store\/wp-content\/uploads\/2024\/06\/IMG_2447-1536x2048.webp 1536w\" sizes=\"(max-width: 1920px) 100vw, 1920px\" \/>\t\t\t\t\t\t\t\t\t\t\t\t\t\t\t<\/div>\n\t\t\t\t<\/div>\n\t\t\t\t<\/div>\n\t\t<div class=\"elementor-element elementor-element-6840c1b e-flex e-con-boxed e-con e-parent\" data-id=\"6840c1b\" data-element_type=\"container\">\n\t\t\t\t\t<div class=\"e-con-inner\">\n\t\t\t\t<div class=\"elementor-element elementor-element-0800a55 elementor-widget elementor-widget-heading\" data-id=\"0800a55\" data-element_type=\"widget\" data-widget_type=\"heading.default\">\n\t\t\t\t<div class=\"elementor-widget-container\">\n\t\t\t\t\t<h4 class=\"elementor-heading-title elementor-size-default\">Balmora | Contact us<\/h4>\t\t\t\t<\/div>\n\t\t\t\t<\/div>\n\t\t\t\t<div class=\"elementor-element elementor-element-8d72b90 elementor-widget elementor-widget-wpforms\" data-id=\"8d72b90\" data-element_type=\"widget\" data-widget_type=\"wpforms.default\">\n\t\t\t\t<div class=\"elementor-widget-container\">\n\t\t\t\t\t<div class=\"wpforms-container wpforms-render-modern\" id=\"wpforms-988306\"><form id=\"wpforms-form-988306\" class=\"wpforms-validate wpforms-form wpforms-ajax-form\" data-formid=\"988306\" method=\"post\" enctype=\"multipart\/form-data\" action=\"\/cs\/wp-json\/wp\/v2\/pages\/991117\" data-token=\"a8869f9cbcc0f0ec8e446180a22a58e1\" data-token-time=\"1777888873\" data-trp-original-action=\"\/cs\/wp-json\/wp\/v2\/pages\/991117\"><noscript class=\"wpforms-error-noscript\">Chcete-li vyplnit tento formul\u00e1\u0159, pros\u00edm povolte v prohl\u00ed\u017ee\u010di JavaScript.<\/noscript><div id=\"wpforms-error-noscript\" style=\"display: none;\">Chcete-li vyplnit tento formul\u00e1\u0159, pros\u00edm povolte v prohl\u00ed\u017ee\u010di JavaScript.<\/div><div class=\"wpforms-field-container\"><div id=\"wpforms-988306-field_0-container\" class=\"wpforms-field wpforms-field-name\" data-field-id=\"0\"><fieldset><legend class=\"wpforms-field-label\">Meno <span class=\"wpforms-required-label\" aria-hidden=\"true\">*<\/span><\/legend><div class=\"wpforms-field-row wpforms-field-large\"><div class=\"wpforms-field-row-block wpforms-first wpforms-one-half\"><input type=\"text\" id=\"wpforms-988306-field_0\" class=\"wpforms-field-name-first wpforms-field-required\" name=\"wpforms[fields][0][first]\" aria-errormessage=\"wpforms-988306-field_0-error\" required><label for=\"wpforms-988306-field_0\" class=\"wpforms-field-sublabel after wpforms-sublabel-hide\">K\u0159estn\u00ed jm\u00e9no<\/label><\/div><div class=\"wpforms-field-row-block wpforms-one-half\"><input type=\"text\" id=\"wpforms-988306-field_0-last\" class=\"wpforms-field-name-last wpforms-field-required\" name=\"wpforms[fields][0][last]\" aria-errormessage=\"wpforms-988306-field_0-last-error\" required><label for=\"wpforms-988306-field_0-last\" class=\"wpforms-field-sublabel after wpforms-sublabel-hide\">P\u0159\u00edjmen\u00ed<\/label><\/div><\/div><\/fieldset><\/div><div id=\"wpforms-988306-field_1-container\" class=\"wpforms-field wpforms-field-email\" data-field-id=\"1\"><label class=\"wpforms-field-label\" for=\"wpforms-988306-field_1\">E-mail <span class=\"wpforms-required-label\" aria-hidden=\"true\">*<\/span><\/label><input type=\"email\" id=\"wpforms-988306-field_1\" class=\"wpforms-field-large wpforms-field-required\" name=\"wpforms[fields][1]\" spellcheck=\"false\" aria-errormessage=\"wpforms-988306-field_1-error\" required><\/div><div id=\"wpforms-988306-field_2-container\" class=\"wpforms-field wpforms-field-textarea\" data-field-id=\"2\"><label class=\"wpforms-field-label\" for=\"wpforms-988306-field_2\">Zpr\u00e1va<\/label><textarea id=\"wpforms-988306-field_2\" class=\"wpforms-field-medium\" name=\"wpforms[fields][2]\" aria-errormessage=\"wpforms-988306-field_2-error\" ><\/textarea><\/div><\/div><!-- .wpforms-field-container --><div class=\"wpforms-submit-container\" ><input type=\"hidden\" name=\"wpforms[id]\" value=\"988306\"><input type=\"hidden\" name=\"page_title\" value=\"\"><input type=\"hidden\" name=\"page_url\" value=\"https:\/\/www.balmora.store\/cs\/wp-json\/wp\/v2\/pages\/991117\"><input type=\"hidden\" name=\"url_referer\" value=\"\"><button type=\"submit\" name=\"wpforms[submit]\" id=\"wpforms-submit-988306\" class=\"wpforms-submit\" data-alt-text=\"Posiela sa...\" data-submit-text=\"Odosla\u0165\" aria-live=\"assertive\" value=\"wpforms-submit\">Odosla\u0165<\/button><img decoding=\"async\" src=\"https:\/\/www.balmora.store\/wp-content\/plugins\/wpforms-lite\/assets\/images\/submit-spin.svg\" class=\"wpforms-submit-spinner\" style=\"display: none;\" width=\"26\" height=\"26\" alt=\"Na\u010d\u00edt\u00e1n\u00ed\"><\/div><input type=\"hidden\" name=\"trp-form-language\" value=\"cs\"\/><\/form><\/div>  <!-- .wpforms-container -->\t\t\t\t<\/div>\n\t\t\t\t<\/div>\n\t\t\t\t<div class=\"elementor-element elementor-element-9d7f8fe elementor-widget elementor-widget-text-editor\" data-id=\"9d7f8fe\" data-element_type=\"widget\" data-widget_type=\"text-editor.default\">\n\t\t\t\t<div class=\"elementor-widget-container\">\n\t\t\t\t\t\t\t\t\t<p>We will get back to you and answer all your questions and requests as quickly as possible.<\/p><p><strong>Phone<\/strong><\/p><p><a href=\"tel:+421904113410\">+421 904 113 410<\/a><\/p><p><strong>Email<\/strong><\/p><p><a href=\"mailto:hello@balmora.store\">hello@balmora.store<\/a><\/p><p><strong>Store<\/strong><\/p><p><a href=\"mailto:sales@balmora.store\">sales@balmora.store<\/a><\/p>\t\t\t\t\t\t\t\t<\/div>\n\t\t\t\t<\/div>\n\t\t\t\t\t<\/div>\n\t\t\t\t<\/div>\n\t\t\t\t<\/div>","protected":false},"excerpt":{"rendered":"<p>Balmora | Contact us Please enable JavaScript in your browser to complete this form.Please enable JavaScript in your browser to complete this form. Meno * FirstLast E-mail *Spr\u00e1va Odosla\u0165 We will get back to you and answer all your questions and requests as quickly as possible. Phone +421 904 113 410 Email hello@balmora.store Store sales@balmora.store<\/p>","protected":false},"author":1,"featured_media":0,"parent":0,"menu_order":0,"comment_status":"closed","ping_status":"closed","template":"","meta":{"_acf_changed":false,"footnotes":""},"class_list":["post-991117","page","type-page","status-publish","hentry"],"acf":[],"_links":{"self":[{"href":"https:\/\/www.balmora.store\/cs\/wp-json\/wp\/v2\/pages\/991117","targetHints":{"allow":["GET"]}}],"collection":[{"href":"https:\/\/www.balmora.store\/cs\/wp-json\/wp\/v2\/pages"}],"about":[{"href":"https:\/\/www.balmora.store\/cs\/wp-json\/wp\/v2\/types\/page"}],"author":[{"embeddable":true,"href":"https:\/\/www.balmora.store\/cs\/wp-json\/wp\/v2\/users\/1"}],"replies":[{"embeddable":true,"href":"https:\/\/www.balmora.store\/cs\/wp-json\/wp\/v2\/comments?post=991117"}],"version-history":[{"count":4,"href":"https:\/\/www.balmora.store\/cs\/wp-json\/wp\/v2\/pages\/991117\/revisions"}],"predecessor-version":[{"id":991121,"href":"https:\/\/www.balmora.store\/cs\/wp-json\/wp\/v2\/pages\/991117\/revisions\/991121"}],"wp:attachment":[{"href":"https:\/\/www.balmora.store\/cs\/wp-json\/wp\/v2\/media?parent=991117"}],"curies":[{"name":"wp","href":"https:\/\/api.w.org\/{rel}","templated":true}]}}