{"id":990049,"date":"2024-06-26T09:16:00","date_gmt":"2024-06-26T07:16:00","guid":{"rendered":"https:\/\/www.balmora.store\/?page_id=990049"},"modified":"2025-12-02T17:33:20","modified_gmt":"2025-12-02T16:33:20","slug":"objednavka-prijata","status":"publish","type":"page","link":"https:\/\/www.balmora.store\/cs\/objednavka-prijata\/","title":{"rendered":"Objedn\u00e1vka prijat\u00e1"},"content":{"rendered":"<div data-elementor-type=\"wp-page\" data-elementor-id=\"990049\" class=\"elementor elementor-990049\" data-elementor-post-type=\"page\">\n\t\t\t\t<div class=\"elementor-element elementor-element-bd4f05c e-flex e-con-boxed e-con e-parent\" data-id=\"bd4f05c\" data-element_type=\"container\">\n\t\t\t\t\t<div class=\"e-con-inner\">\n\t\t\t\t<div class=\"elementor-element elementor-element-5ffa8a1 elementor-widget elementor-widget-spacer\" data-id=\"5ffa8a1\" data-element_type=\"widget\" data-widget_type=\"spacer.default\">\n\t\t\t\t<div class=\"elementor-widget-container\">\n\t\t\t\t\t\t\t<div class=\"elementor-spacer\">\n\t\t\t<div class=\"elementor-spacer-inner\"><\/div>\n\t\t<\/div>\n\t\t\t\t\t\t<\/div>\n\t\t\t\t<\/div>\n\t\t\t\t\t<\/div>\n\t\t\t\t<\/div>\n\t\t<div class=\"elementor-element elementor-element-4e2e735 e-flex e-con-boxed e-con e-parent\" data-id=\"4e2e735\" data-element_type=\"container\">\n\t\t\t\t\t<div class=\"e-con-inner\">\n\t\t\t\t<div class=\"elementor-element elementor-element-d182cc5 elementor-widget elementor-widget-spacer\" data-id=\"d182cc5\" data-element_type=\"widget\" data-widget_type=\"spacer.default\">\n\t\t\t\t<div class=\"elementor-widget-container\">\n\t\t\t\t\t\t\t<div class=\"elementor-spacer\">\n\t\t\t<div class=\"elementor-spacer-inner\"><\/div>\n\t\t<\/div>\n\t\t\t\t\t\t<\/div>\n\t\t\t\t<\/div>\n\t\t\t\t\t<\/div>\n\t\t\t\t<\/div>\n\t\t<div class=\"elementor-element elementor-element-eaaba9f e-flex e-con-boxed e-con e-parent\" data-id=\"eaaba9f\" data-element_type=\"container\">\n\t\t\t\t\t<div class=\"e-con-inner\">\n\t\t\t\t<div class=\"elementor-element elementor-element-c952e11 elementor-widget elementor-widget-heading\" data-id=\"c952e11\" data-element_type=\"widget\" data-widget_type=\"heading.default\">\n\t\t\t\t<div class=\"elementor-widget-container\">\n\t\t\t\t\t<h1 class=\"elementor-heading-title elementor-size-default\">\u010eakujeme za va\u0161u objedn\u00e1vku.<\/h1>\t\t\t\t<\/div>\n\t\t\t\t<\/div>\n\t\t\t\t<div class=\"elementor-element elementor-element-23b60e8 elementor-widget elementor-widget-text-editor\" data-id=\"23b60e8\" data-element_type=\"widget\" data-widget_type=\"text-editor.default\">\n\t\t\t\t<div class=\"elementor-widget-container\">\n\t\t\t\t\t\t\t\t\t<p>V\u00e1\u0161 v\u00fdber pr\u00e1ve pre\u0161iel do r\u00fak n\u00e1\u0161ho ateli\u00e9ru.<\/p><p>Podrobnosti o objedn\u00e1vke a inform\u00e1cie o doru\u010den\u00ed n\u00e1jdete vo svojom e-maile.<\/p><p>Ak by ste potrebovali ak\u00fako\u013evek pomoc, sme tu pre v\u00e1s. Ver\u00edme, \u017ee si chv\u00edle s Balmorou vychutn\u00e1te naplno.<\/p><p>S l\u00e1skou, T\u00edm Balmora<\/p>\t\t\t\t\t\t\t\t<\/div>\n\t\t\t\t<\/div>\n\t\t\t\t\t<\/div>\n\t\t\t\t<\/div>\n\t\t<div class=\"elementor-element elementor-element-418da4a e-flex e-con-boxed e-con e-parent\" data-id=\"418da4a\" data-element_type=\"container\">\n\t\t\t\t\t<div class=\"e-con-inner\">\n\t\t\t\t<div class=\"elementor-element elementor-element-b5a594f elementor-widget elementor-widget-spacer\" data-id=\"b5a594f\" data-element_type=\"widget\" data-widget_type=\"spacer.default\">\n\t\t\t\t<div class=\"elementor-widget-container\">\n\t\t\t\t\t\t\t<div class=\"elementor-spacer\">\n\t\t\t<div class=\"elementor-spacer-inner\"><\/div>\n\t\t<\/div>\n\t\t\t\t\t\t<\/div>\n\t\t\t\t<\/div>\n\t\t\t\t\t<\/div>\n\t\t\t\t<\/div>\n\t\t<div class=\"elementor-element elementor-element-fd14dd9 e-flex e-con-boxed e-con e-parent\" data-id=\"fd14dd9\" data-element_type=\"container\">\n\t\t\t\t\t<div class=\"e-con-inner\">\n\t\t\t\t<div class=\"elementor-element elementor-element-9e85233 elementor-widget elementor-widget-spacer\" data-id=\"9e85233\" data-element_type=\"widget\" data-widget_type=\"spacer.default\">\n\t\t\t\t<div class=\"elementor-widget-container\">\n\t\t\t\t\t\t\t<div class=\"elementor-spacer\">\n\t\t\t<div class=\"elementor-spacer-inner\"><\/div>\n\t\t<\/div>\n\t\t\t\t\t\t<\/div>\n\t\t\t\t<\/div>\n\t\t\t\t\t<\/div>\n\t\t\t\t<\/div>\n\t\t\t\t<\/div>","protected":false},"excerpt":{"rendered":"<p>\u010eakujeme za va\u0161u objedn\u00e1vku. V\u00e1\u0161 v\u00fdber pr\u00e1ve pre\u0161iel do r\u00fak n\u00e1\u0161ho ateli\u00e9ru. Podrobnosti o objedn\u00e1vke a inform\u00e1cie o doru\u010den\u00ed n\u00e1jdete vo svojom e-maile. Ak by ste potrebovali ak\u00fako\u013evek pomoc, sme tu pre v\u00e1s. Ver\u00edme, \u017ee si chv\u00edle s Balmorou vychutn\u00e1te naplno. S l\u00e1skou, T\u00edm Balmora<\/p>","protected":false},"author":1,"featured_media":0,"parent":0,"menu_order":0,"comment_status":"closed","ping_status":"closed","template":"","meta":{"_acf_changed":false,"footnotes":""},"class_list":["post-990049","page","type-page","status-publish","hentry"],"acf":[],"_links":{"self":[{"href":"https:\/\/www.balmora.store\/cs\/wp-json\/wp\/v2\/pages\/990049","targetHints":{"allow":["GET"]}}],"collection":[{"href":"https:\/\/www.balmora.store\/cs\/wp-json\/wp\/v2\/pages"}],"about":[{"href":"https:\/\/www.balmora.store\/cs\/wp-json\/wp\/v2\/types\/page"}],"author":[{"embeddable":true,"href":"https:\/\/www.balmora.store\/cs\/wp-json\/wp\/v2\/users\/1"}],"replies":[{"embeddable":true,"href":"https:\/\/www.balmora.store\/cs\/wp-json\/wp\/v2\/comments?post=990049"}],"version-history":[{"count":55,"href":"https:\/\/www.balmora.store\/cs\/wp-json\/wp\/v2\/pages\/990049\/revisions"}],"predecessor-version":[{"id":1002770,"href":"https:\/\/www.balmora.store\/cs\/wp-json\/wp\/v2\/pages\/990049\/revisions\/1002770"}],"wp:attachment":[{"href":"https:\/\/www.balmora.store\/cs\/wp-json\/wp\/v2\/media?parent=990049"}],"curies":[{"name":"wp","href":"https:\/\/api.w.org\/{rel}","templated":true}]}}