{"id":989613,"date":"2024-06-16T21:12:05","date_gmt":"2024-06-16T19:12:05","guid":{"rendered":"https:\/\/www.balmora.store\/?page_id=989613"},"modified":"2024-06-17T19:27:04","modified_gmt":"2024-06-17T17:27:04","slug":"vratenie-a-vymena","status":"publish","type":"page","link":"https:\/\/www.balmora.store\/cs\/vratenie-a-vymena\/","title":{"rendered":"Vr\u00e1cen\u00ed a v\u00fdm\u011bna"},"content":{"rendered":"<div data-elementor-type=\"wp-page\" data-elementor-id=\"989613\" class=\"elementor elementor-989613\" data-elementor-post-type=\"page\">\n\t\t\t\t<div class=\"elementor-element elementor-element-847f529 e-con-full e-flex e-con e-parent\" data-id=\"847f529\" data-element_type=\"container\">\n\t\t\t\t<div class=\"elementor-element elementor-element-e59fa7f elementor-widget elementor-widget-image\" data-id=\"e59fa7f\" data-element_type=\"widget\" data-widget_type=\"image.default\">\n\t\t\t\t<div class=\"elementor-widget-container\">\n\t\t\t\t\t\t\t\t\t\t\t\t\t\t\t<img fetchpriority=\"high\" decoding=\"async\" width=\"1707\" height=\"2560\" src=\"https:\/\/www.balmora.store\/wp-content\/uploads\/2024\/06\/balmora-triveze-15.3-edit-30-kopia-scaled.webp\" class=\"attachment-full size-full wp-image-989581\" alt=\"\" srcset=\"https:\/\/www.balmora.store\/wp-content\/uploads\/2024\/06\/balmora-triveze-15.3-edit-30-kopia-scaled.webp 1707w, https:\/\/www.balmora.store\/wp-content\/uploads\/2024\/06\/balmora-triveze-15.3-edit-30-kopia-scaled-520x780.webp 520w, https:\/\/www.balmora.store\/wp-content\/uploads\/2024\/06\/balmora-triveze-15.3-edit-30-kopia-scaled-1300x1950.webp 1300w, https:\/\/www.balmora.store\/wp-content\/uploads\/2024\/06\/balmora-triveze-15.3-edit-30-kopia-scaled-64x96.webp 64w, https:\/\/www.balmora.store\/wp-content\/uploads\/2024\/06\/balmora-triveze-15.3-edit-30-kopia-200x300.webp 200w, https:\/\/www.balmora.store\/wp-content\/uploads\/2024\/06\/balmora-triveze-15.3-edit-30-kopia-683x1024.webp 683w, https:\/\/www.balmora.store\/wp-content\/uploads\/2024\/06\/balmora-triveze-15.3-edit-30-kopia-768x1152.webp 768w, https:\/\/www.balmora.store\/wp-content\/uploads\/2024\/06\/balmora-triveze-15.3-edit-30-kopia-1024x1536.webp 1024w, https:\/\/www.balmora.store\/wp-content\/uploads\/2024\/06\/balmora-triveze-15.3-edit-30-kopia-1365x2048.webp 1365w, https:\/\/www.balmora.store\/wp-content\/uploads\/2024\/06\/balmora-triveze-15.3-edit-30-kopia-1732x2598.webp 1732w\" sizes=\"(max-width: 1707px) 100vw, 1707px\" \/>\t\t\t\t\t\t\t\t\t\t\t\t\t\t\t<\/div>\n\t\t\t\t<\/div>\n\t\t\t\t<\/div>\n\t\t<div class=\"elementor-element elementor-element-dd22923 e-flex e-con-boxed e-con e-parent\" data-id=\"dd22923\" data-element_type=\"container\">\n\t\t\t\t\t<div class=\"e-con-inner\">\n\t\t\t\t<div class=\"elementor-element elementor-element-b61ed89 elementor-widget elementor-widget-heading\" data-id=\"b61ed89\" data-element_type=\"widget\" data-widget_type=\"heading.default\">\n\t\t\t\t<div class=\"elementor-widget-container\">\n\t\t\t\t\t<h4 class=\"elementor-heading-title elementor-size-default\">Vr\u00e1cen\u00ed a v\u00fdm\u011bna<\/h4>\t\t\t\t<\/div>\n\t\t\t\t<\/div>\n\t\t\t\t<div class=\"elementor-element elementor-element-6e1c619 elementor-widget elementor-widget-text-editor\" data-id=\"6e1c619\" data-element_type=\"widget\" data-widget_type=\"text-editor.default\">\n\t\t\t\t<div class=\"elementor-widget-container\">\n\t\t\t\t\t\t\t\t\t<p><strong>V\u00fdmena tovaru<\/strong><\/p><p>Pokia\u013e si prajete tovar vymeni\u0165, m\u00f4\u017eete vyplni\u0165 V\u00fdmenn\u00fd\/storno formul\u00e1r, ktor\u00fd stiahnete <strong><a href=\"https:\/\/www.balmora.store\/wp-content\/uploads\/2024\/06\/Vymenny_Formular_BALMORA.pdf\">TU<\/a><\/strong> a posla\u0165 spolu s tovarom na na\u0161u adresu. Doporu\u010dujeme vopred zatelefonova\u0165, aby sme V\u00e1m odlo\u017eili po\u017eadovan\u00fa ve\u013ekos\u0165, farbu alebo in\u00fd model na v\u00fdmenu v rovnakej cene, aby sa nestalo, \u017ee sa produkt vypred\u00e1, k\u00fdm sa k n\u00e1m dostane v\u00e1\u0161 bal\u00edk. Takto budete ma\u0165 istotu, \u017ee m\u00e1te po\u017eadovan\u00fd produkt na v\u00fdmenu odlo\u017een\u00fd.<\/p><p>Prv\u00e1 v\u00fdmena tovaru je bezplatn\u00e1. Z\u00e1kazn\u00edk hrad\u00ed len po\u0161tovn\u00e9 n\u00e1klady na vr\u00e1tenie tovaru smerom k n\u00e1m. N\u00e1sledne tovar na v\u00fdmenu posielame zadarmo.<\/p><p>V\u00fdmeny vybavujeme okam\u017eite a o priebehu informujeme e-mailom. Vymenen\u00fd tovar v\u00e1m odo\u0161leme najnesk\u00f4r do 14 pracovn\u00fdch dn\u00ed od prevzatia bal\u00edka.<\/p><p><strong>Vr\u00e1tenie tovaru<\/strong><\/p><p>Pokia\u013e nie ste s na\u0161\u00edm tovarom spokojn\u00ed, resp. nep\u00e1\u010di sa V\u00e1m farba, nesed\u00ed ve\u013ekos\u0165, at\u010f, m\u00f4\u017eete ho do 14 dn\u00ed bezd\u00f4vodne vr\u00e1ti\u0165. \u00a0Tovar samozrejme nesmie by\u0165 pou\u017eit\u00fd alebo po\u0161koden\u00fd.<\/p><p>Na odst\u00fapenie od zmluvy m\u00f4\u017eete pou\u017ei\u0165 formul\u00e1r, ktor\u00fd si m\u00f4\u017eete stiahn\u00fa\u0165 <strong><a href=\"https:\/\/www.balmora.store\/wp-content\/uploads\/2024\/06\/Formular_Odstupenie_Od_Zmluvy_BALMORA.pdf\">TU<\/a><\/strong>.<\/p><p>Tovar samozrejme nesmie by\u0165 pou\u017eit\u00fd alebo po\u0161koden\u00fd.<\/p><p>N\u00e1klady na vr\u00e1tenie tovaru zn\u00e1\u0161a kupuj\u00faci. To plat\u00ed v pr\u00edpade, \u017ee tovar sp\u013a\u0148a kvalitat\u00edvne po\u017eiadavky a nie je vadn\u00fd.<\/p><p>Peniaze v\u00e1m vr\u00e1time najnesk\u00f4r do 14 pracovn\u00fdch dn\u00ed od prevzatia bal\u00ed\u010dka.<\/p><p><strong>Reklam\u00e1cia tovaru<\/strong><\/p><p style=\"font-weight: 300;\">Pre v\u0161etky v\u00fdrobky zak\u00fapen\u00e9 v obchode platia podmienky, ktor\u00e9 V\u00e1m umo\u017e\u0148uj\u00fa reklamova\u0165 tovar z d\u00f4vodu nezhodnosti so zmluvou do 2 rokov od d\u00e1tumu n\u00e1kupu.<\/p><p>U reklam\u00e1ci\u00ed je tovar potrebn\u00e9 posla\u0165 hne\u010f pri vzniku z\u00e1vady. Tovar nesmie by\u0165 zne\u010disten\u00fd. Reklama\u010dn\u00fd formul\u00e1r n\u00e1jdete prilo\u017een\u00fd <strong><a href=\"https:\/\/www.balmora.store\/wp-content\/uploads\/2024\/06\/Reklamacny_Formular_BALMORA.pdf\">TU<\/a><\/strong>.\u00a0<\/p><p>O priebehu vybavenia reklam\u00e1cie informujeme e-mailom.<\/p><p><strong>Adresa pre zasielanie tovaru:<\/strong><\/p><p>BALMORA s. r. o.<\/p><p>Z\u00e1breh 1505\/11<\/p><p>020 01 P\u00fachov<\/p><p>Slovensk\u00e1 republika<\/p><p>Z\u00e1sielky odoslan\u00e9 na v\u00fddajn\u00e9 miesto prepravcu nem\u00e1me mo\u017enos\u0165 vyzdvihn\u00fa\u0165 a bud\u00fa vr\u00e1ten\u00e9 odosielate\u013eovi. Vr\u00e1ten\u00fd tovar a reklam\u00e1cie je potrebn\u00e9 zasla\u0165 priamo na vy\u0161\u0161ie uveden\u00fa adresu.<\/p><p>V pr\u00edpade, \u017ee budete ma\u0165 ak\u00e9ko\u013evek ot\u00e1zky spojen\u00e9 s v\u00fdmenou \/ vr\u00e1ten\u00edm \/ reklam\u00e1ciou tovaru, kontaktujte pros\u00edm na\u0161u z\u00e1kazn\u00edcku podporu na hello@balmora.store.<\/p>\t\t\t\t\t\t\t\t<\/div>\n\t\t\t\t<\/div>\n\t\t\t\t\t<\/div>\n\t\t\t\t<\/div>\n\t\t\t\t<\/div>","protected":false},"excerpt":{"rendered":"<p>V\u00fdmena tovaru Pokia\u013e si prajete tovar vymeni\u0165, m\u00f4\u017eete vyplni\u0165 V\u00fdmenn\u00fd\/storno formul\u00e1r, ktor\u00fd stiahnete TU a posla\u0165 spolu s tovarom na na\u0161u adresu. Doporu\u010dujeme vopred zatelefonova\u0165, aby sme V\u00e1m odlo\u017eili po\u017eadovan\u00fa ve\u013ekos\u0165, farbu alebo in\u00fd model na v\u00fdmenu v rovnakej cene, aby sa nestalo, \u017ee sa produkt vypred\u00e1, k\u00fdm sa k n\u00e1m dostane v\u00e1\u0161 bal\u00edk. Takto&#8230;<\/p>","protected":false},"author":1,"featured_media":0,"parent":0,"menu_order":0,"comment_status":"closed","ping_status":"closed","template":"","meta":{"_acf_changed":false,"footnotes":""},"class_list":["post-989613","page","type-page","status-publish","hentry"],"acf":[],"_links":{"self":[{"href":"https:\/\/www.balmora.store\/cs\/wp-json\/wp\/v2\/pages\/989613","targetHints":{"allow":["GET"]}}],"collection":[{"href":"https:\/\/www.balmora.store\/cs\/wp-json\/wp\/v2\/pages"}],"about":[{"href":"https:\/\/www.balmora.store\/cs\/wp-json\/wp\/v2\/types\/page"}],"author":[{"embeddable":true,"href":"https:\/\/www.balmora.store\/cs\/wp-json\/wp\/v2\/users\/1"}],"replies":[{"embeddable":true,"href":"https:\/\/www.balmora.store\/cs\/wp-json\/wp\/v2\/comments?post=989613"}],"version-history":[{"count":22,"href":"https:\/\/www.balmora.store\/cs\/wp-json\/wp\/v2\/pages\/989613\/revisions"}],"predecessor-version":[{"id":989662,"href":"https:\/\/www.balmora.store\/cs\/wp-json\/wp\/v2\/pages\/989613\/revisions\/989662"}],"wp:attachment":[{"href":"https:\/\/www.balmora.store\/cs\/wp-json\/wp\/v2\/media?parent=989613"}],"curies":[{"name":"wp","href":"https:\/\/api.w.org\/{rel}","templated":true}]}}