{"id":989603,"date":"2024-06-16T20:45:14","date_gmt":"2024-06-16T18:45:14","guid":{"rendered":"https:\/\/www.balmora.store\/?page_id=989603"},"modified":"2024-06-16T21:08:36","modified_gmt":"2024-06-16T19:08:36","slug":"doprava-a-platba","status":"publish","type":"page","link":"https:\/\/www.balmora.store\/cs\/doprava-a-platba\/","title":{"rendered":"Doprava a platba"},"content":{"rendered":"<div data-elementor-type=\"wp-page\" data-elementor-id=\"989603\" class=\"elementor elementor-989603\" data-elementor-post-type=\"page\">\n\t\t\t\t<div class=\"elementor-element elementor-element-847f529 e-con-full e-flex e-con e-parent\" data-id=\"847f529\" data-element_type=\"container\">\n\t\t\t\t<div class=\"elementor-element elementor-element-e59fa7f elementor-widget elementor-widget-image\" data-id=\"e59fa7f\" data-element_type=\"widget\" data-widget_type=\"image.default\">\n\t\t\t\t<div class=\"elementor-widget-container\">\n\t\t\t\t\t\t\t\t\t\t\t\t\t\t\t<img fetchpriority=\"high\" decoding=\"async\" width=\"1707\" height=\"2560\" src=\"https:\/\/www.balmora.store\/wp-content\/uploads\/2024\/06\/balmora-triveze-15.3-edit-30-kopia-scaled.webp\" class=\"attachment-full size-full wp-image-989581\" alt=\"\" srcset=\"https:\/\/www.balmora.store\/wp-content\/uploads\/2024\/06\/balmora-triveze-15.3-edit-30-kopia-scaled.webp 1707w, https:\/\/www.balmora.store\/wp-content\/uploads\/2024\/06\/balmora-triveze-15.3-edit-30-kopia-scaled-520x780.webp 520w, https:\/\/www.balmora.store\/wp-content\/uploads\/2024\/06\/balmora-triveze-15.3-edit-30-kopia-scaled-1300x1950.webp 1300w, https:\/\/www.balmora.store\/wp-content\/uploads\/2024\/06\/balmora-triveze-15.3-edit-30-kopia-scaled-64x96.webp 64w, https:\/\/www.balmora.store\/wp-content\/uploads\/2024\/06\/balmora-triveze-15.3-edit-30-kopia-200x300.webp 200w, https:\/\/www.balmora.store\/wp-content\/uploads\/2024\/06\/balmora-triveze-15.3-edit-30-kopia-683x1024.webp 683w, https:\/\/www.balmora.store\/wp-content\/uploads\/2024\/06\/balmora-triveze-15.3-edit-30-kopia-768x1152.webp 768w, https:\/\/www.balmora.store\/wp-content\/uploads\/2024\/06\/balmora-triveze-15.3-edit-30-kopia-1024x1536.webp 1024w, https:\/\/www.balmora.store\/wp-content\/uploads\/2024\/06\/balmora-triveze-15.3-edit-30-kopia-1365x2048.webp 1365w, https:\/\/www.balmora.store\/wp-content\/uploads\/2024\/06\/balmora-triveze-15.3-edit-30-kopia-1732x2598.webp 1732w\" sizes=\"(max-width: 1707px) 100vw, 1707px\" \/>\t\t\t\t\t\t\t\t\t\t\t\t\t\t\t<\/div>\n\t\t\t\t<\/div>\n\t\t\t\t<\/div>\n\t\t<div class=\"elementor-element elementor-element-dd22923 e-flex e-con-boxed e-con e-parent\" data-id=\"dd22923\" data-element_type=\"container\">\n\t\t\t\t\t<div class=\"e-con-inner\">\n\t\t\t\t<div class=\"elementor-element elementor-element-b61ed89 elementor-widget elementor-widget-heading\" data-id=\"b61ed89\" data-element_type=\"widget\" data-widget_type=\"heading.default\">\n\t\t\t\t<div class=\"elementor-widget-container\">\n\t\t\t\t\t<h4 class=\"elementor-heading-title elementor-size-default\">Doprava a platba<\/h4>\t\t\t\t<\/div>\n\t\t\t\t<\/div>\n\t\t\t\t<div class=\"elementor-element elementor-element-6e1c619 elementor-widget elementor-widget-text-editor\" data-id=\"6e1c619\" data-element_type=\"widget\" data-widget_type=\"text-editor.default\">\n\t\t\t\t<div class=\"elementor-widget-container\">\n\t\t\t\t\t\t\t\t\t<h5 style=\"text-align: left;\">Doprava<\/h5><p>\u00a0<\/p><p style=\"font-weight: 300;\"><strong>V SR dov\u00e1\u017eame do 72 hod\u00edn prostredn\u00edctvom kuri\u00e9rov PACKETA, GLS, SLOVENSK\u00c1 PO\u0160TA<\/strong><\/p><p style=\"font-weight: 300;\">Rozvoz z\u00e1sielok po celom Slovensku zabezpe\u010duj\u00fa na\u0161i zmluvn\u00ed prepravcovia: Packeta, GLS, Slovensk\u00e1 po\u0161ta, pr\u00edpadne na\u0161i zamestnanci. Z\u00e1sielku je mo\u017en\u00e9 sledova\u0165 na str\u00e1nkach prepravcu. V\u0161etky z\u00e1sielky s\u00fa odoslan\u00e9 v na mieru vyrobenom ochrannom obale. V\u0161etky z\u00e1sielky s\u00fa plne poisten\u00e9.<strong>\u00a0<\/strong><\/p><p style=\"font-weight: 300;\"><strong>V r\u00e1mci \u0161t\u00e1tov E\u00da dov\u00e1\u017eame prostredn\u00edctvom kuri\u00e9rov PACKETA, GLS A DHL<\/strong><\/p><p style=\"font-weight: 300;\">Rozvoz z\u00e1sielok v \u010dlensk\u00fdch \u0161t\u00e1toch Eur\u00f3pskej \u00fanie zabezpe\u010duj\u00fa zmluvn\u00ed prepravcovia PACKETA, GLS a DHL. Z\u00e1sielku je mo\u017en\u00e9 sledova\u0165 na str\u00e1nkach prepravcu. V\u0161etky z\u00e1sielky s\u00fa odoslan\u00e9 v na mieru vyrobenom ochrannom obale. V\u0161etky z\u00e1sielky s\u00fa plne poisten\u00e9.<\/p><p>\u00a0<\/p><h5>Platba<\/h5><p>\u00a0<\/p><p><b>Online platba<\/b><\/p><p><span style=\"font-weight: 300;\">Platbu on-line na<\/span><span style=\"font-weight: 300;\"> str\u00e1nka<\/span><span style=\"font-weight: 300;\"> obsluhuje platobn\u00e1 br\u00e1na Stripe, Apple Pay a Google Pay. Pokia\u013e si zvol\u00edte platbu on-line:<\/span><\/p><ol><li><span style=\"font-weight: 300;\">Platobn\u00e9 karty, ktor\u00e9 m\u00f4\u017eu by\u0165 vyu\u017eit\u00e9 v r\u00e1mci Slovenskej republiky: <\/span><span style=\"letter-spacing: var(--vamtam-primary-font-letter-spacing-desktop,normal); text-transform: var(--vamtam-primary-font-transform,none); text-decoration: var(--vamtam-primary-font-decoration,none);\">MasterCard, Visa, Visa Electron, Maestro, V Pay<\/span><span style=\"font-weight: 300;\"><span style=\"font-weight: 300;\">M\u00f4\u017eete zaplati\u0165 platobnou kartou:<\/span><\/span><\/li><li>M\u00f4\u017eete zaplati\u0165 prevodom on-line, ktor\u00fd je spracovan\u00fd okam\u017eite. <span style=\"letter-spacing: var(--vamtam-primary-font-letter-spacing-desktop,normal); text-transform: var(--vamtam-primary-font-transform,none); text-decoration: var(--vamtam-primary-font-decoration,none);\">Banky, ktor\u00e9 v r\u00e1mci Slovenskej republiky podporuj\u00fa platby okam\u017eite: <\/span><span style=\"font-weight: 300;\">V\u00daB Banka, Tatra Banka, Po\u0161tov\u00e1 Banka, Slovensk\u00e1 sporite\u013e\u0148a<\/span><\/li><li><span style=\"font-weight: 300;\">M\u00f4\u017eete zaplati\u0165 aj oby\u010dajn\u00fdm bankov\u00fdm prevodom, ktor\u00fd bude za\u00fa\u010dtovan\u00fd najnesk\u00f4r v priebehu 24 hod\u00edn. Prevod je spracov\u00e1van\u00fd v pracovn\u00fdch d\u0148och od 8:00 do 18:00 hod.<\/span><\/li><li><span style=\"font-weight: 300;\">M\u00f4\u017eete zaplati\u0165 aj pomocou elektronickej platby Stripe, Apple Pay a Google Pay.<\/span><\/li><\/ol><p><b>Na dobierku<\/b><\/p><p><span style=\"font-weight: 300;\">Za va\u0161u objedn\u00e1vku, m\u00f4\u017eete zaplati\u0165 pri prevzat\u00ed od kuri\u00e9ra GLS, Slovensk\u00fa po\u0161tu alebo Packeta:<\/span><\/p><ul><li style=\"font-weight: 300;\" aria-level=\"1\"><span style=\"font-weight: 300;\">zaplati\u0165 m\u00f4\u017eete hotovos\u0165ou alebo kartou,<\/span><\/li><li style=\"font-weight: 300;\" aria-level=\"1\"><span style=\"font-weight: 300;\">v pr\u00edpade platby hotovos\u0165ou si nezabudnite v de\u0148 doru\u010denia z\u00e1sielky pripravi\u0165 dostato\u010dn\u00fa pe\u0148a\u017en\u00fa hotovos\u0165.<\/span><\/li><\/ul><p><span style=\"font-weight: 300;\">Poplatok za dobierku je 1,50 EUR. <\/span><\/p>\t\t\t\t\t\t\t\t<\/div>\n\t\t\t\t<\/div>\n\t\t\t\t\t<\/div>\n\t\t\t\t<\/div>\n\t\t\t\t<\/div>","protected":false},"excerpt":{"rendered":"<p>Doprava \u00a0 V SR dov\u00e1\u017eame do 72 hod\u00edn prostredn\u00edctvom kuri\u00e9rov PACKETA, GLS, SLOVENSK\u00c1 PO\u0160TA Rozvoz z\u00e1sielok po celom Slovensku zabezpe\u010duj\u00fa na\u0161i zmluvn\u00ed prepravcovia: Packeta, GLS, Slovensk\u00e1 po\u0161ta, pr\u00edpadne na\u0161i zamestnanci. Z\u00e1sielku je mo\u017en\u00e9 sledova\u0165 na str\u00e1nkach prepravcu. V\u0161etky z\u00e1sielky s\u00fa odoslan\u00e9 v na mieru vyrobenom ochrannom obale. V\u0161etky z\u00e1sielky s\u00fa plne poisten\u00e9.\u00a0 V r\u00e1mci \u0161t\u00e1tov&#8230;<\/p>","protected":false},"author":1,"featured_media":0,"parent":0,"menu_order":0,"comment_status":"closed","ping_status":"closed","template":"","meta":{"_acf_changed":false,"footnotes":""},"class_list":["post-989603","page","type-page","status-publish","hentry"],"acf":[],"_links":{"self":[{"href":"https:\/\/www.balmora.store\/cs\/wp-json\/wp\/v2\/pages\/989603","targetHints":{"allow":["GET"]}}],"collection":[{"href":"https:\/\/www.balmora.store\/cs\/wp-json\/wp\/v2\/pages"}],"about":[{"href":"https:\/\/www.balmora.store\/cs\/wp-json\/wp\/v2\/types\/page"}],"author":[{"embeddable":true,"href":"https:\/\/www.balmora.store\/cs\/wp-json\/wp\/v2\/users\/1"}],"replies":[{"embeddable":true,"href":"https:\/\/www.balmora.store\/cs\/wp-json\/wp\/v2\/comments?post=989603"}],"version-history":[{"count":7,"href":"https:\/\/www.balmora.store\/cs\/wp-json\/wp\/v2\/pages\/989603\/revisions"}],"predecessor-version":[{"id":989611,"href":"https:\/\/www.balmora.store\/cs\/wp-json\/wp\/v2\/pages\/989603\/revisions\/989611"}],"wp:attachment":[{"href":"https:\/\/www.balmora.store\/cs\/wp-json\/wp\/v2\/media?parent=989603"}],"curies":[{"name":"wp","href":"https:\/\/api.w.org\/{rel}","templated":true}]}}