{"id":988900,"date":"2024-06-04T20:37:58","date_gmt":"2024-06-04T18:37:58","guid":{"rendered":"https:\/\/www.balmora.store\/?page_id=988900"},"modified":"2024-06-12T17:56:19","modified_gmt":"2024-06-12T15:56:19","slug":"sprievodca-velkostami","status":"publish","type":"page","link":"https:\/\/www.balmora.store\/cs\/sprievodca-velkostami\/","title":{"rendered":"Pr\u016fvodce velikostmi"},"content":{"rendered":"<div data-elementor-type=\"wp-page\" data-elementor-id=\"988900\" class=\"elementor elementor-988900\" data-elementor-post-type=\"page\">\n\t\t\t\t<div class=\"elementor-element elementor-element-12eab39 e-flex e-con-boxed e-con e-parent\" data-id=\"12eab39\" data-element_type=\"container\">\n\t\t\t\t\t<div class=\"e-con-inner\">\n\t\t\t\t<div class=\"elementor-element elementor-element-3f287ae elementor-widget elementor-widget-heading\" data-id=\"3f287ae\" data-element_type=\"widget\" data-widget_type=\"heading.default\">\n\t\t\t\t<div class=\"elementor-widget-container\">\n\t\t\t\t\t<h4 class=\"elementor-heading-title elementor-size-default\">Pr\u016fvodce velikostmi<\/h4>\t\t\t\t<\/div>\n\t\t\t\t<\/div>\n\t\t\t\t<div class=\"elementor-element elementor-element-e5f6f70 elementor-widget elementor-widget-text-editor\" data-id=\"e5f6f70\" data-element_type=\"widget\" data-widget_type=\"text-editor.default\">\n\t\t\t\t<div class=\"elementor-widget-container\">\n\t\t\t\t\t\t\t\t\t<p>Pro v\u00fdb\u011br ide\u00e1ln\u00ed velikosti vyu\u017eijte na\u0161eho pr\u016fvodce velikost\u00ed n\u00ed\u017ee.<\/p>\t\t\t\t\t\t\t\t<\/div>\n\t\t\t\t<\/div>\n\t\t\t\t<div class=\"elementor-element elementor-element-57beda7 elementor-widget elementor-widget-html\" data-id=\"57beda7\" data-element_type=\"widget\" data-widget_type=\"html.default\">\n\t\t\t\t<div class=\"elementor-widget-container\">\n\t\t\t\t\t<style>\r\n    table {\r\n        width: 100%;\r\n        border-collapse: collapse;\r\n    }\r\n    th, td {\r\n        padding: 6px;\r\n        border: 1px solid #e4e4e4;\r\n        text-align: center;\r\n        vertical-align: middle;\r\n        width: 100px;\r\n    }\r\n    .highlight {\r\n        background-color: #F7F7F8;\r\n    }\r\n<\/style>\r\n<table style=\"margin-bottom: 2rem;\" class=\"countries\">\r\n    <tbody>\r\n        <tr>\r\n            <td>Balmora velikost<\/td>\r\n            <td>XS<\/td>\r\n            <td>S<\/td>\r\n            <td>M<\/td>\r\n            <td>L<\/td>\r\n            <td>XL<\/td>\r\n        <\/tr>\r\n        <tr>\r\n            <td>UK<\/td>\r\n            <td>8<\/td>\r\n            <td>10<\/td>\r\n            <td>12<\/td>\r\n            <td>14<\/td>\r\n            <td>16<\/td>\r\n        <\/tr>\r\n        <tr>\r\n            <td>US<\/td>\r\n            <td>4<\/td>\r\n            <td>6<\/td>\r\n            <td>8<\/td>\r\n            <td>10<\/td>\r\n            <td>12<\/td>\r\n        <\/tr>\r\n        <tr>\r\n            <td>IT\u00c1LIE<\/td>\r\n            <td>40<\/td>\r\n            <td>42<\/td>\r\n            <td>44<\/td>\r\n            <td>46<\/td>\r\n            <td>48<\/td>\r\n        <\/tr>\r\n        <tr>\r\n            <td>FRANCIE<\/td>\r\n            <td>36<\/td>\r\n            <td>38<\/td>\r\n            <td>40<\/td>\r\n            <td>42<\/td>\r\n            <td>44<\/td>\r\n        <\/tr>\r\n        <tr>\r\n            <td>N\u011aMECKO<\/td>\r\n            <td>34<\/td>\r\n            <td>36<\/td>\r\n            <td>38<\/td>\r\n            <td>40<\/td>\r\n            <td>42<\/td>\r\n        <\/tr>\r\n    <\/tbody>\r\n<\/table>\r\n<table class=\"one-size\">\r\n    <tbody>\r\n        <tr>\r\n            <td><\/td>\r\n            <td>UK<\/td>\r\n            <td>US<\/td>\r\n            <td>IT\u00c1LIE<\/td>\r\n            <td>FRANCIE<\/td>\r\n            <td>N\u011aMECKO<\/td>\r\n        <\/tr>\r\n        <tr>\r\n            <td>ONE SIZE<\/td>\r\n            <td>8 - 16<\/td>\r\n            <td>4 - 12<\/td>\r\n            <td>40 - 48<\/td>\r\n            <td>34 - 44<\/td>\r\n            <td>34 - 42<\/td>\r\n        <\/tr>\r\n    <\/tbody>\r\n<\/table>\r\n<script src=\"https:\/\/code.jquery.com\/jquery-3.6.0.min.js\"><\/script>\r\n<script>\r\n    $(document).ready(function(){\r\n        $('.countries td').hover(\r\n            function() {\r\n                var index = $(this).index();\r\n                $(this).addClass('highlight');\r\n                $(this).closest('tr').addClass('highlight');\r\n                $('.countries tr').each(function(){\r\n                    $(this).find('td').eq(index).addClass('highlight');\r\n                });\r\n            },\r\n            function() {\r\n                var index = $(this).index();\r\n                $(this).removeClass('highlight');\r\n                $(this).closest('tr').removeClass('highlight');\r\n                $('.countries tr').each(function(){\r\n                    $(this).find('td').eq(index).removeClass('highlight');\r\n                });\r\n            }\r\n        );\r\n        \r\n        $('.uni-size td').hover(\r\n            function() {\r\n                var index = $(this).index();\r\n                $(this).addClass('highlight');\r\n                $(this).closest('tr').addClass('highlight');\r\n                $('.uni-size tr').each(function(){\r\n                    $(this).find('td').eq(index).addClass('highlight');\r\n                });\r\n            },\r\n            function() {\r\n                var index = $(this).index();\r\n                $(this).removeClass('highlight');\r\n                $(this).closest('tr').removeClass('highlight');\r\n                $('.uni-size tr').each(function(){\r\n                    $(this).find('td').eq(index).removeClass('highlight');\r\n                });\r\n            }\r\n        );\r\n    });\r\n<\/script>\t\t\t\t<\/div>\n\t\t\t\t<\/div>\n\t\t\t\t\t<\/div>\n\t\t\t\t<\/div>\n\t\t<div class=\"elementor-element elementor-element-1974ef3 e-flex e-con-boxed e-con e-parent\" data-id=\"1974ef3\" data-element_type=\"container\">\n\t\t\t\t\t<div class=\"e-con-inner\">\n\t\t\t\t<div class=\"elementor-element elementor-element-b50e1ea elementor-widget elementor-widget-spacer\" data-id=\"b50e1ea\" data-element_type=\"widget\" data-widget_type=\"spacer.default\">\n\t\t\t\t<div class=\"elementor-widget-container\">\n\t\t\t\t\t\t\t<div class=\"elementor-spacer\">\n\t\t\t<div class=\"elementor-spacer-inner\"><\/div>\n\t\t<\/div>\n\t\t\t\t\t\t<\/div>\n\t\t\t\t<\/div>\n\t\t\t\t\t<\/div>\n\t\t\t\t<\/div>\n\t\t\t\t<\/div>","protected":false},"excerpt":{"rendered":"<p>Sprievodca ve\u013ekos\u0165ami Ak chcete n\u00e1js\u0165 ide\u00e1lnu ve\u013ekos\u0165 pre svoj k\u00fasok Balmora, pou\u017eite n\u00e1\u0161ho sprievodcu ve\u013ekos\u0165ou, ktor\u00fd je uveden\u00fd ni\u017e\u0161ie. Balmora ve\u013ekos\u0165 XS S M L XL UK 8 10 12 14 16 US 4 6 8 10 12 TALIANSKO 40 42 44 46 48 FRANC\u00daZSKO 36 38 40 42 44 NEMECKO 34 36 38 40&#8230;<\/p>","protected":false},"author":1,"featured_media":0,"parent":0,"menu_order":0,"comment_status":"closed","ping_status":"closed","template":"","meta":{"_acf_changed":false,"footnotes":""},"class_list":["post-988900","page","type-page","status-publish","hentry"],"acf":[],"_links":{"self":[{"href":"https:\/\/www.balmora.store\/cs\/wp-json\/wp\/v2\/pages\/988900","targetHints":{"allow":["GET"]}}],"collection":[{"href":"https:\/\/www.balmora.store\/cs\/wp-json\/wp\/v2\/pages"}],"about":[{"href":"https:\/\/www.balmora.store\/cs\/wp-json\/wp\/v2\/types\/page"}],"author":[{"embeddable":true,"href":"https:\/\/www.balmora.store\/cs\/wp-json\/wp\/v2\/users\/1"}],"replies":[{"embeddable":true,"href":"https:\/\/www.balmora.store\/cs\/wp-json\/wp\/v2\/comments?post=988900"}],"version-history":[{"count":23,"href":"https:\/\/www.balmora.store\/cs\/wp-json\/wp\/v2\/pages\/988900\/revisions"}],"predecessor-version":[{"id":989486,"href":"https:\/\/www.balmora.store\/cs\/wp-json\/wp\/v2\/pages\/988900\/revisions\/989486"}],"wp:attachment":[{"href":"https:\/\/www.balmora.store\/cs\/wp-json\/wp\/v2\/media?parent=988900"}],"curies":[{"name":"wp","href":"https:\/\/api.w.org\/{rel}","templated":true}]}}