{"id":988881,"date":"2024-06-04T20:26:58","date_gmt":"2024-06-04T18:26:58","guid":{"rendered":"https:\/\/www.balmora.store\/?page_id=988881"},"modified":"2024-06-16T19:53:22","modified_gmt":"2024-06-16T17:53:22","slug":"personalizacia-na-mieru","status":"publish","type":"page","link":"https:\/\/www.balmora.store\/cs\/personalizacia-na-mieru\/","title":{"rendered":"Personalizace"},"content":{"rendered":"<div data-elementor-type=\"wp-page\" data-elementor-id=\"988881\" class=\"elementor elementor-988881\" data-elementor-post-type=\"page\">\n\t\t\t\t<div class=\"elementor-element elementor-element-1c7b9cf e-con-full e-flex e-con e-parent\" data-id=\"1c7b9cf\" data-element_type=\"container\">\n\t\t\t\t<div class=\"elementor-element elementor-element-890a29a elementor-widget elementor-widget-image\" data-id=\"890a29a\" data-element_type=\"widget\" data-widget_type=\"image.default\">\n\t\t\t\t<div class=\"elementor-widget-container\">\n\t\t\t\t\t\t\t\t\t\t\t\t\t\t\t<img fetchpriority=\"high\" decoding=\"async\" width=\"1950\" height=\"1300\" src=\"https:\/\/www.balmora.store\/wp-content\/uploads\/2024\/06\/ROD9265_1950x.webp\" class=\"attachment-full size-full wp-image-988883\" alt=\"\" srcset=\"https:\/\/www.balmora.store\/wp-content\/uploads\/2024\/06\/ROD9265_1950x.webp 1950w, https:\/\/www.balmora.store\/wp-content\/uploads\/2024\/06\/ROD9265_1950x-1300x867.webp 1300w, https:\/\/www.balmora.store\/wp-content\/uploads\/2024\/06\/ROD9265_1950x-64x43.webp 64w, https:\/\/www.balmora.store\/wp-content\/uploads\/2024\/06\/ROD9265_1950x-300x200.webp 300w, https:\/\/www.balmora.store\/wp-content\/uploads\/2024\/06\/ROD9265_1950x-1024x683.webp 1024w, https:\/\/www.balmora.store\/wp-content\/uploads\/2024\/06\/ROD9265_1950x-768x512.webp 768w, https:\/\/www.balmora.store\/wp-content\/uploads\/2024\/06\/ROD9265_1950x-1536x1024.webp 1536w\" sizes=\"(max-width: 1950px) 100vw, 1950px\" \/>\t\t\t\t\t\t\t\t\t\t\t\t\t\t\t<\/div>\n\t\t\t\t<\/div>\n\t\t\t\t<\/div>\n\t\t<div class=\"elementor-element elementor-element-12eab39 e-flex e-con-boxed e-con e-parent\" data-id=\"12eab39\" data-element_type=\"container\">\n\t\t\t\t\t<div class=\"e-con-inner\">\n\t\t\t\t<div class=\"elementor-element elementor-element-3f287ae elementor-widget elementor-widget-heading\" data-id=\"3f287ae\" data-element_type=\"widget\" data-widget_type=\"heading.default\">\n\t\t\t\t<div class=\"elementor-widget-container\">\n\t\t\t\t\t<h4 class=\"elementor-heading-title elementor-size-default\">Personalizace a v\u00fdroba na m\u00edru<\/h4>\t\t\t\t<\/div>\n\t\t\t\t<\/div>\n\t\t\t\t<div class=\"elementor-element elementor-element-e5f6f70 elementor-widget elementor-widget-text-editor\" data-id=\"e5f6f70\" data-element_type=\"widget\" data-widget_type=\"text-editor.default\">\n\t\t\t\t<div class=\"elementor-widget-container\">\n\t\t\t\t\t\t\t\t\t<span style=\"font-weight: 300;\">Tou\u017e\u00edte po n\u011b\u010dem je\u0161t\u011b v\u00fdjime\u010dn\u011bj\u0161\u00edm ne\u017e po autorsk\u00fdch motivech Balmora? R\u00e1di vytvo\u0159\u00edme \u0159e\u0161en\u00ed pr\u00e1v\u011b pro v\u00e1s.<\/span>\n\n<span style=\"font-weight: 300;\">Bu\u010fte odv\u00e1\u017en\u011b jedine\u010dn\u00ed. Vytvo\u0159\u00edme spole\u010dn\u011b kolekci nebo s\u00e9rii produkt\u016f, kter\u00e1 ponese pouze va\u0161e jm\u00e9no a v\u00e1\u0161 p\u0159\u00edb\u011bh.<\/span>\t\t\t\t\t\t\t\t<\/div>\n\t\t\t\t<\/div>\n\t\t\t\t\t<\/div>\n\t\t\t\t<\/div>\n\t\t<div class=\"elementor-element elementor-element-c5bf89a e-grid e-con-boxed e-con e-parent\" data-id=\"c5bf89a\" data-element_type=\"container\">\n\t\t\t\t\t<div class=\"e-con-inner\">\n\t\t<div class=\"elementor-element elementor-element-9690f44 e-flex e-con-boxed e-con e-child\" data-id=\"9690f44\" data-element_type=\"container\">\n\t\t\t\t\t<div class=\"e-con-inner\">\n\t\t\t\t<div class=\"elementor-element elementor-element-d160050 elementor-widget elementor-widget-image\" data-id=\"d160050\" data-element_type=\"widget\" data-widget_type=\"image.default\">\n\t\t\t\t<div class=\"elementor-widget-container\">\n\t\t\t\t\t\t\t\t\t\t\t\t\t\t\t<img decoding=\"async\" width=\"460\" height=\"613\" src=\"https:\/\/www.balmora.store\/wp-content\/uploads\/2024\/06\/IMG_8886_460x.webp\" class=\"attachment-full size-full wp-image-988886\" alt=\"\" srcset=\"https:\/\/www.balmora.store\/wp-content\/uploads\/2024\/06\/IMG_8886_460x.webp 460w, https:\/\/www.balmora.store\/wp-content\/uploads\/2024\/06\/IMG_8886_460x-64x85.webp 64w, https:\/\/www.balmora.store\/wp-content\/uploads\/2024\/06\/IMG_8886_460x-225x300.webp 225w\" sizes=\"(max-width: 460px) 100vw, 460px\" \/>\t\t\t\t\t\t\t\t\t\t\t\t\t\t\t<\/div>\n\t\t\t\t<\/div>\n\t\t\t\t<div class=\"elementor-element elementor-element-9acafdb elementor-widget elementor-widget-heading\" data-id=\"9acafdb\" data-element_type=\"widget\" data-widget_type=\"heading.default\">\n\t\t\t\t<div class=\"elementor-widget-container\">\n\t\t\t\t\t<h5 class=\"elementor-heading-title elementor-size-default\">\u017dupany s velikost\u00ed na m\u00edru<\/h5>\t\t\t\t<\/div>\n\t\t\t\t<\/div>\n\t\t\t\t<div class=\"elementor-element elementor-element-a6542fd elementor-widget elementor-widget-text-editor\" data-id=\"a6542fd\" data-element_type=\"widget\" data-widget_type=\"text-editor.default\">\n\t\t\t\t<div class=\"elementor-widget-container\">\n\t\t\t\t\t\t\t\t\t<p>\u017dupan, kter\u00fd se p\u0159izp\u016fsob\u00ed v\u00e1m - ne naopak. Vytvo\u0159\u00edme velikost na m\u00edru, p\u0159esn\u011b podle va\u0161ich p\u0159\u00e1n\u00ed.<\/p>\t\t\t\t\t\t\t\t<\/div>\n\t\t\t\t<\/div>\n\t\t\t\t\t<\/div>\n\t\t\t\t<\/div>\n\t\t<div class=\"elementor-element elementor-element-f8d0158 e-flex e-con-boxed e-con e-child\" data-id=\"f8d0158\" data-element_type=\"container\">\n\t\t\t\t\t<div class=\"e-con-inner\">\n\t\t\t\t<div class=\"elementor-element elementor-element-f6ec375 elementor-widget elementor-widget-image\" data-id=\"f6ec375\" data-element_type=\"widget\" data-widget_type=\"image.default\">\n\t\t\t\t<div class=\"elementor-widget-container\">\n\t\t\t\t\t\t\t\t\t\t\t\t\t\t\t<img decoding=\"async\" width=\"460\" height=\"613\" src=\"https:\/\/www.balmora.store\/wp-content\/uploads\/2024\/06\/IMG_8579_460x.webp\" class=\"attachment-full size-full wp-image-988885\" alt=\"\" srcset=\"https:\/\/www.balmora.store\/wp-content\/uploads\/2024\/06\/IMG_8579_460x.webp 460w, https:\/\/www.balmora.store\/wp-content\/uploads\/2024\/06\/IMG_8579_460x-64x85.webp 64w, https:\/\/www.balmora.store\/wp-content\/uploads\/2024\/06\/IMG_8579_460x-225x300.webp 225w\" sizes=\"(max-width: 460px) 100vw, 460px\" \/>\t\t\t\t\t\t\t\t\t\t\t\t\t\t\t<\/div>\n\t\t\t\t<\/div>\n\t\t\t\t<div class=\"elementor-element elementor-element-0277261 elementor-widget elementor-widget-heading\" data-id=\"0277261\" data-element_type=\"widget\" data-widget_type=\"heading.default\">\n\t\t\t\t<div class=\"elementor-widget-container\">\n\t\t\t\t\t<h5 class=\"elementor-heading-title elementor-size-default\">Unik\u00e1tn\u00ed autorsk\u00e9 designy<\/h5>\t\t\t\t<\/div>\n\t\t\t\t<\/div>\n\t\t\t\t<div class=\"elementor-element elementor-element-741a6f0 elementor-widget elementor-widget-text-editor\" data-id=\"741a6f0\" data-element_type=\"widget\" data-widget_type=\"text-editor.default\">\n\t\t\t\t<div class=\"elementor-widget-container\">\n\t\t\t\t\t\t\t\t\t<p>Na\u0161i design\u00e9\u0159i vytvo\u0159\u00ed n\u00e1vrhy na m\u00edru, kter\u00e9 budou odr\u00e1\u017eet va\u0161e p\u0159\u00e1n\u00ed a pot\u0159eby - a\u0165 u\u017e osobn\u00ed, nebo firemn\u00ed. Pracujeme s r\u016fzn\u00fdmi styly a technikami, abychom naplnili va\u0161e p\u0159edstavy i ty nejn\u00e1ro\u010dn\u011bj\u0161\u00ed po\u017eadavky.\u00a0<\/p>\t\t\t\t\t\t\t\t<\/div>\n\t\t\t\t<\/div>\n\t\t\t\t\t<\/div>\n\t\t\t\t<\/div>\n\t\t<div class=\"elementor-element elementor-element-299634b e-flex e-con-boxed e-con e-child\" data-id=\"299634b\" data-element_type=\"container\">\n\t\t\t\t\t<div class=\"e-con-inner\">\n\t\t\t\t<div class=\"elementor-element elementor-element-be886dc elementor-widget elementor-widget-image\" data-id=\"be886dc\" data-element_type=\"widget\" data-widget_type=\"image.default\">\n\t\t\t\t<div class=\"elementor-widget-container\">\n\t\t\t\t\t\t\t\t\t\t\t\t\t\t\t<img loading=\"lazy\" decoding=\"async\" width=\"460\" height=\"613\" src=\"https:\/\/www.balmora.store\/wp-content\/uploads\/2024\/06\/aad03458-fac6-4bd9-ba96-a8b022a6d8ca_2_460x.webp\" class=\"attachment-full size-full wp-image-988884\" alt=\"\" srcset=\"https:\/\/www.balmora.store\/wp-content\/uploads\/2024\/06\/aad03458-fac6-4bd9-ba96-a8b022a6d8ca_2_460x.webp 460w, https:\/\/www.balmora.store\/wp-content\/uploads\/2024\/06\/aad03458-fac6-4bd9-ba96-a8b022a6d8ca_2_460x-64x85.webp 64w, https:\/\/www.balmora.store\/wp-content\/uploads\/2024\/06\/aad03458-fac6-4bd9-ba96-a8b022a6d8ca_2_460x-225x300.webp 225w\" sizes=\"(max-width: 460px) 100vw, 460px\" \/>\t\t\t\t\t\t\t\t\t\t\t\t\t\t\t<\/div>\n\t\t\t\t<\/div>\n\t\t\t\t<div class=\"elementor-element elementor-element-11d2770 elementor-widget elementor-widget-heading\" data-id=\"11d2770\" data-element_type=\"widget\" data-widget_type=\"heading.default\">\n\t\t\t\t<div class=\"elementor-widget-container\">\n\t\t\t\t\t<h5 class=\"elementor-heading-title elementor-size-default\">Vy\u0161\u00edvan\u00fd monogram<\/h5>\t\t\t\t<\/div>\n\t\t\t\t<\/div>\n\t\t\t\t<div class=\"elementor-element elementor-element-868f265 elementor-widget elementor-widget-text-editor\" data-id=\"868f265\" data-element_type=\"widget\" data-widget_type=\"text-editor.default\">\n\t\t\t\t<div class=\"elementor-widget-container\">\n\t\t\t\t\t\t\t\t\t<p>L\u00e1sku nebo \u00factu lze vyj\u00e1d\u0159it mnoha zp\u016fsoby a jedn\u00edm z nich je osobn\u00ed monogram. Monogram lze vy\u0161\u00edt na v\u0161echny d\u00e1msk\u00e9 \u017eupany v libovoln\u00e9 barevn\u00e9 kombinaci.\u00a0<\/p>\t\t\t\t\t\t\t\t<\/div>\n\t\t\t\t<\/div>\n\t\t\t\t\t<\/div>\n\t\t\t\t<\/div>\n\t\t\t\t\t<\/div>\n\t\t\t\t<\/div>\n\t\t<div class=\"elementor-element elementor-element-733f250 e-flex e-con-boxed e-con e-parent\" data-id=\"733f250\" data-element_type=\"container\">\n\t\t\t\t\t<div class=\"e-con-inner\">\n\t\t\t\t<div class=\"elementor-element elementor-element-4721f3c elementor-widget elementor-widget-text-editor\" data-id=\"4721f3c\" data-element_type=\"widget\" data-widget_type=\"text-editor.default\">\n\t\t\t\t<div class=\"elementor-widget-container\">\n\t\t\t\t\t\t\t\t\t<p>P\u0159ineste radost t\u011bm, na kter\u00fdch v\u00e1m z\u00e1le\u017e\u00ed \u2014 z\u00e1kazn\u00edk\u016fm, koleg\u016fm i bl\u00edzk\u00fdm. R\u00e1di v\u00e1s provedeme cestou k vytvo\u0159en\u00ed unik\u00e1tn\u00edch kousk\u016f na m\u00edru.<\/p>\t\t\t\t\t\t\t\t<\/div>\n\t\t\t\t<\/div>\n\t\t\t\t<div class=\"vamtam-has-theme-widget-styles elementor-element elementor-element-65b93ea elementor-align-center vamtam-has-underline-anim elementor-widget elementor-widget-button\" data-id=\"65b93ea\" data-element_type=\"widget\" data-widget_type=\"button.default\">\n\t\t\t\t<div class=\"elementor-widget-container\">\n\t\t\t\t\t\t\t\t\t<div class=\"elementor-button-wrapper\">\n\t\t\t\t\t<a class=\"elementor-button elementor-button-link elementor-size-sm\" href=\"mailto:sales@balmora.store\">\n\t\t\t\t\t\t<span class=\"elementor-button-content-wrapper\">\n\t\t\t\t\t\t\t\t\t<span class=\"elementor-button-text\">Za\u010da\u0165 projekt<\/span>\n\t\t\t\t\t<\/span>\n\t\t\t\t\t<\/a>\n\t\t\t\t<\/div>\n\t\t\t\t\t\t\t\t<\/div>\n\t\t\t\t<\/div>\n\t\t\t\t<div class=\"elementor-element elementor-element-dfb2a6d elementor-widget elementor-widget-heading\" data-id=\"dfb2a6d\" data-element_type=\"widget\" data-widget_type=\"heading.default\">\n\t\t\t\t<div class=\"elementor-widget-container\">\n\t\t\t\t\t<h5 class=\"elementor-heading-title elementor-size-default\">Poj\u010fme tvo\u0159it partnerstv\u00ed<\/h5>\t\t\t\t<\/div>\n\t\t\t\t<\/div>\n\t\t\t\t<div class=\"elementor-element elementor-element-0ad0934 elementor-widget elementor-widget-wpforms\" data-id=\"0ad0934\" data-element_type=\"widget\" data-widget_type=\"wpforms.default\">\n\t\t\t\t<div class=\"elementor-widget-container\">\n\t\t\t\t\t<div class=\"wpforms-container wpforms-render-modern\" id=\"wpforms-988306\"><form id=\"wpforms-form-988306\" class=\"wpforms-validate wpforms-form wpforms-ajax-form\" data-formid=\"988306\" method=\"post\" enctype=\"multipart\/form-data\" action=\"\/cs\/wp-json\/wp\/v2\/pages\/988881\" data-token=\"f3246191a79c3d02a2b5b1e410fd05dc\" data-token-time=\"1777128208\" data-trp-original-action=\"\/cs\/wp-json\/wp\/v2\/pages\/988881\"><noscript class=\"wpforms-error-noscript\">Chcete-li vyplnit tento formul\u00e1\u0159, pros\u00edm povolte v prohl\u00ed\u017ee\u010di JavaScript.<\/noscript><div id=\"wpforms-error-noscript\" style=\"display: none;\">Chcete-li vyplnit tento formul\u00e1\u0159, pros\u00edm povolte v prohl\u00ed\u017ee\u010di JavaScript.<\/div><div class=\"wpforms-field-container\"><div id=\"wpforms-988306-field_0-container\" class=\"wpforms-field wpforms-field-name\" data-field-id=\"0\"><fieldset><legend class=\"wpforms-field-label\">Meno <span class=\"wpforms-required-label\" aria-hidden=\"true\">*<\/span><\/legend><div class=\"wpforms-field-row wpforms-field-large\"><div class=\"wpforms-field-row-block wpforms-first wpforms-one-half\"><input type=\"text\" id=\"wpforms-988306-field_0\" class=\"wpforms-field-name-first wpforms-field-required\" name=\"wpforms[fields][0][first]\" aria-errormessage=\"wpforms-988306-field_0-error\" required><label for=\"wpforms-988306-field_0\" class=\"wpforms-field-sublabel after wpforms-sublabel-hide\">K\u0159estn\u00ed jm\u00e9no<\/label><\/div><div class=\"wpforms-field-row-block wpforms-one-half\"><input type=\"text\" id=\"wpforms-988306-field_0-last\" class=\"wpforms-field-name-last wpforms-field-required\" name=\"wpforms[fields][0][last]\" aria-errormessage=\"wpforms-988306-field_0-last-error\" required><label for=\"wpforms-988306-field_0-last\" class=\"wpforms-field-sublabel after wpforms-sublabel-hide\">P\u0159\u00edjmen\u00ed<\/label><\/div><\/div><\/fieldset><\/div><div id=\"wpforms-988306-field_1-container\" class=\"wpforms-field wpforms-field-email\" data-field-id=\"1\"><label class=\"wpforms-field-label\" for=\"wpforms-988306-field_1\">E-mail <span class=\"wpforms-required-label\" aria-hidden=\"true\">*<\/span><\/label><input type=\"email\" id=\"wpforms-988306-field_1\" class=\"wpforms-field-large wpforms-field-required\" name=\"wpforms[fields][1]\" spellcheck=\"false\" aria-errormessage=\"wpforms-988306-field_1-error\" required><\/div><div id=\"wpforms-988306-field_2-container\" class=\"wpforms-field wpforms-field-textarea\" data-field-id=\"2\"><label class=\"wpforms-field-label\" for=\"wpforms-988306-field_2\">Zpr\u00e1va<\/label><textarea id=\"wpforms-988306-field_2\" class=\"wpforms-field-medium\" name=\"wpforms[fields][2]\" aria-errormessage=\"wpforms-988306-field_2-error\" ><\/textarea><\/div><\/div><!-- .wpforms-field-container --><div class=\"wpforms-submit-container\" ><input type=\"hidden\" name=\"wpforms[id]\" value=\"988306\"><input type=\"hidden\" name=\"page_title\" value=\"\"><input type=\"hidden\" name=\"page_url\" value=\"https:\/\/www.balmora.store\/cs\/wp-json\/wp\/v2\/pages\/988881\"><input type=\"hidden\" name=\"url_referer\" value=\"\"><button type=\"submit\" name=\"wpforms[submit]\" id=\"wpforms-submit-988306\" class=\"wpforms-submit\" data-alt-text=\"Posiela sa...\" data-submit-text=\"Odosla\u0165\" aria-live=\"assertive\" value=\"wpforms-submit\">Odosla\u0165<\/button><img loading=\"lazy\" decoding=\"async\" src=\"https:\/\/www.balmora.store\/wp-content\/plugins\/wpforms-lite\/assets\/images\/submit-spin.svg\" class=\"wpforms-submit-spinner\" style=\"display: none;\" width=\"26\" height=\"26\" alt=\"Na\u010d\u00edt\u00e1n\u00ed\"><\/div><input type=\"hidden\" name=\"trp-form-language\" value=\"cs\"\/><\/form><\/div>  <!-- .wpforms-container -->\t\t\t\t<\/div>\n\t\t\t\t<\/div>\n\t\t\t\t\t<\/div>\n\t\t\t\t<\/div>\n\t\t<div class=\"elementor-element elementor-element-1974ef3 e-flex e-con-boxed e-con e-parent\" data-id=\"1974ef3\" data-element_type=\"container\">\n\t\t\t\t\t<div class=\"e-con-inner\">\n\t\t\t\t<div class=\"elementor-element elementor-element-b50e1ea elementor-widget elementor-widget-spacer\" data-id=\"b50e1ea\" data-element_type=\"widget\" data-widget_type=\"spacer.default\">\n\t\t\t\t<div class=\"elementor-widget-container\">\n\t\t\t\t\t\t\t<div class=\"elementor-spacer\">\n\t\t\t<div class=\"elementor-spacer-inner\"><\/div>\n\t\t<\/div>\n\t\t\t\t\t\t<\/div>\n\t\t\t\t<\/div>\n\t\t\t\t\t<\/div>\n\t\t\t\t<\/div>\n\t\t\t\t<\/div>","protected":false},"excerpt":{"rendered":"<p>Personaliz\u00e1cia a v\u00fdroba na mieru Chcete nie\u010do e\u0161te v\u00fdnimo\u010dnej\u0161ie ako autorsk\u00e9 dizajny z kolekci\u00ed Balmora? M\u00e1me pre v\u00e1s rie\u0161enie. Bu\u010fte v\u00fdnimo\u010dn\u00ed a spont\u00e1nni. Spolu s vami vytvor\u00edme 100 % jedine\u010dn\u00fa kolekciu alebo s\u00fabor v\u00fdrobkov, ktor\u00e9 bud\u00fa va\u0161e a nikoho in\u00e9ho. \u017dupany s ve\u013ekos\u0165ou na mieru Nech u\u017e je va\u0161a ve\u013ekos\u0165 ak\u00e1ko\u013evek, radi sa postar\u00e1me o&#8230;<\/p>","protected":false},"author":1,"featured_media":0,"parent":0,"menu_order":0,"comment_status":"closed","ping_status":"closed","template":"","meta":{"_acf_changed":false,"footnotes":""},"class_list":["post-988881","page","type-page","status-publish","hentry"],"acf":[],"_links":{"self":[{"href":"https:\/\/www.balmora.store\/cs\/wp-json\/wp\/v2\/pages\/988881","targetHints":{"allow":["GET"]}}],"collection":[{"href":"https:\/\/www.balmora.store\/cs\/wp-json\/wp\/v2\/pages"}],"about":[{"href":"https:\/\/www.balmora.store\/cs\/wp-json\/wp\/v2\/types\/page"}],"author":[{"embeddable":true,"href":"https:\/\/www.balmora.store\/cs\/wp-json\/wp\/v2\/users\/1"}],"replies":[{"embeddable":true,"href":"https:\/\/www.balmora.store\/cs\/wp-json\/wp\/v2\/comments?post=988881"}],"version-history":[{"count":46,"href":"https:\/\/www.balmora.store\/cs\/wp-json\/wp\/v2\/pages\/988881\/revisions"}],"predecessor-version":[{"id":989532,"href":"https:\/\/www.balmora.store\/cs\/wp-json\/wp\/v2\/pages\/988881\/revisions\/989532"}],"wp:attachment":[{"href":"https:\/\/www.balmora.store\/cs\/wp-json\/wp\/v2\/media?parent=988881"}],"curies":[{"name":"wp","href":"https:\/\/api.w.org\/{rel}","templated":true}]}}