{"id":988872,"date":"2024-06-04T20:23:24","date_gmt":"2024-06-04T18:23:24","guid":{"rendered":"https:\/\/www.balmora.store\/?page_id=988872"},"modified":"2024-06-16T19:57:48","modified_gmt":"2024-06-16T17:57:48","slug":"tvorba-a-vyroba","status":"publish","type":"page","link":"https:\/\/www.balmora.store\/cs\/tvorba-a-vyroba\/","title":{"rendered":"Tvorba a v\u00fdroba"},"content":{"rendered":"<div data-elementor-type=\"wp-page\" data-elementor-id=\"988872\" class=\"elementor elementor-988872\" data-elementor-post-type=\"page\">\n\t\t\t\t<div class=\"elementor-element elementor-element-1c7b9cf e-con-full e-flex e-con e-parent\" data-id=\"1c7b9cf\" data-element_type=\"container\">\n\t\t\t\t<div class=\"elementor-element elementor-element-bbde16a elementor-widget elementor-widget-video\" data-id=\"bbde16a\" data-element_type=\"widget\" data-settings=\"{&quot;video_type&quot;:&quot;hosted&quot;,&quot;show_image_overlay&quot;:&quot;yes&quot;,&quot;image_overlay&quot;:{&quot;url&quot;:&quot;&quot;,&quot;id&quot;:&quot;&quot;,&quot;size&quot;:&quot;&quot;},&quot;controls&quot;:&quot;yes&quot;}\" data-widget_type=\"video.default\">\n\t\t\t\t<div class=\"elementor-widget-container\">\n\t\t\t\t\t\t\t<div class=\"e-hosted-video elementor-wrapper elementor-open-inline\">\n\t\t\t\t\t<video class=\"elementor-video\" src=\"https:\/\/www.balmora.store\/wp-content\/uploads\/2024\/06\/c808a41a8d3f4342af0d34bc9400383c.HD-1080p-7.2Mbps-29314103.mp4\" controls=\"\" preload=\"metadata\" controlslist=\"nodownload\"><\/video>\n\t\t\t\t<\/div>\n\t\t\t\t\t\t<\/div>\n\t\t\t\t<\/div>\n\t\t\t\t<\/div>\n\t\t<div class=\"elementor-element elementor-element-12eab39 e-flex e-con-boxed e-con e-parent\" data-id=\"12eab39\" data-element_type=\"container\">\n\t\t\t\t\t<div class=\"e-con-inner\">\n\t\t\t\t<div class=\"elementor-element elementor-element-3f287ae elementor-widget elementor-widget-heading\" data-id=\"3f287ae\" data-element_type=\"widget\" data-widget_type=\"heading.default\">\n\t\t\t\t<div class=\"elementor-widget-container\">\n\t\t\t\t\t<h4 class=\"elementor-heading-title elementor-size-default\">Uvnit\u0159 ateli\u00e9ru Balmora \u2014 m\u00edsto, kde vznik\u00e1 tich\u00e1 elegance<\/h4>\t\t\t\t<\/div>\n\t\t\t\t<\/div>\n\t\t\t\t<div class=\"elementor-element elementor-element-e5f6f70 elementor-widget elementor-widget-text-editor\" data-id=\"e5f6f70\" data-element_type=\"widget\" data-widget_type=\"text-editor.default\">\n\t\t\t\t<div class=\"elementor-widget-container\">\n\t\t\t\t\t\t\t\t\t<p>N\u00e1\u0161 krej\u010dovsk\u00fd ateli\u00e9r p\u0159ipravuje v\u0161echny produkty od prvotn\u00edch prototyp\u016f a\u017e po fin\u00e1ln\u00ed v\u00fdrobu. Je to d\u016fkladn\u00e1 a promy\u0161len\u00e1 cesta konceptu a designu, kter\u00e1 vznik\u00e1 na Slovensku, v srdci Evropy \u2014 zde prob\u00edh\u00e1 v\u00fdvoj i samotn\u00e1 v\u00fdroba.<\/p><p>Mno\u017estv\u00ed st\u0159ih\u016f, vzork\u016f, l\u00e1tek, \u0161pendl\u00edk\u016f a dlouh\u00fdch diskus\u00ed. Ka\u017ed\u00fd n\u00e1vrh \u017eupanu nejprve testujeme na sob\u011b \u2014 nos\u00edme jej, porovn\u00e1v\u00e1me a lad\u00edme do posledn\u00edho detailu, ne\u017e se dostane do fin\u00e1ln\u00ed v\u00fdroby. Ka\u017ed\u00fd origin\u00e1ln\u00ed motiv proch\u00e1z\u00ed minim\u00e1ln\u011b t\u0159emi testovac\u00edmi vzorky materi\u00e1lu, ne\u017e schv\u00e1l\u00edme jeden fin\u00e1ln\u00ed. Ka\u017ed\u00fd jednotliv\u00fd \u017eupan precizn\u011b polohujeme p\u0159i st\u0159ihu tak, aby zachyt\u00e1val v\u0161echny detaily autorsk\u00fdch ilustrac\u00ed a p\u016fsobil vyv\u00e1\u017een\u011b a harmonicky.<\/p><p>Z\u00e1rove\u0148 neust\u00e1le dodr\u017eujeme z\u00e1vazek etick\u00e9 v\u00fdroby za f\u00e9rov\u00e9 ceny a respektujeme podm\u00ednky na\u0161ich dodavatel\u016f \u2014 d\u00edky \u010demu\u017e budujeme udr\u017eiteln\u00e9 vztahy v cel\u00e9m v\u00fdrobn\u00edm \u0159et\u011bzci.<\/p>\t\t\t\t\t\t\t\t<\/div>\n\t\t\t\t<\/div>\n\t\t\t\t\t<\/div>\n\t\t\t\t<\/div>\n\t\t\t\t<\/div>","protected":false},"excerpt":{"rendered":"<p>https:\/\/www.balmora.store\/wp-content\/uploads\/2024\/06\/c808a41a8d3f4342af0d34bc9400383c.HD-1080p-7.2Mbps-29314103.mp4 Ako to vyzer\u00e1 vo ateli\u00e9ri Balmora N\u00e1\u0161 kraj\u010d\u00edrsky ateli\u00e9r pripravuje v\u0161etky v\u00fdrobky od prototypov a\u017e po fin\u00e1lnu v\u00fdrobu. Je to d\u00f4kladn\u00e1 a premyslen\u00e1 cesta koncepcie a dizajnu na Slovensku, v srdci Eur\u00f3py, kde prebieha v\u00fdvoj a aj samotn\u00e1 v\u00fdroba. Mno\u017estvo vzorov, vzoriek, l\u00e1tok, \u0161pendl\u00edkov a diskusi\u00ed. V\u0161etky na\u0161e n\u00e1vrhy \u017eupanov sk\u00fa\u0161ame na n\u00e1s, nos\u00edme&#8230;<\/p>","protected":false},"author":1,"featured_media":0,"parent":0,"menu_order":0,"comment_status":"closed","ping_status":"closed","template":"","meta":{"_acf_changed":false,"footnotes":""},"class_list":["post-988872","page","type-page","status-publish","hentry"],"acf":[],"_links":{"self":[{"href":"https:\/\/www.balmora.store\/cs\/wp-json\/wp\/v2\/pages\/988872","targetHints":{"allow":["GET"]}}],"collection":[{"href":"https:\/\/www.balmora.store\/cs\/wp-json\/wp\/v2\/pages"}],"about":[{"href":"https:\/\/www.balmora.store\/cs\/wp-json\/wp\/v2\/types\/page"}],"author":[{"embeddable":true,"href":"https:\/\/www.balmora.store\/cs\/wp-json\/wp\/v2\/users\/1"}],"replies":[{"embeddable":true,"href":"https:\/\/www.balmora.store\/cs\/wp-json\/wp\/v2\/comments?post=988872"}],"version-history":[{"count":19,"href":"https:\/\/www.balmora.store\/cs\/wp-json\/wp\/v2\/pages\/988872\/revisions"}],"predecessor-version":[{"id":989547,"href":"https:\/\/www.balmora.store\/cs\/wp-json\/wp\/v2\/pages\/988872\/revisions\/989547"}],"wp:attachment":[{"href":"https:\/\/www.balmora.store\/cs\/wp-json\/wp\/v2\/media?parent=988872"}],"curies":[{"name":"wp","href":"https:\/\/api.w.org\/{rel}","templated":true}]}}