{"id":988858,"date":"2024-06-04T19:56:01","date_gmt":"2024-06-04T17:56:01","guid":{"rendered":"https:\/\/www.balmora.store\/?page_id=988858"},"modified":"2024-06-16T16:16:16","modified_gmt":"2024-06-16T14:16:16","slug":"spolupraca-s-nami","status":"publish","type":"page","link":"https:\/\/www.balmora.store\/cs\/spolupraca-s-nami\/","title":{"rendered":"Spolupr\u00e1ce s n\u00e1mi"},"content":{"rendered":"<div data-elementor-type=\"wp-page\" data-elementor-id=\"988858\" class=\"elementor elementor-988858\" data-elementor-post-type=\"page\">\n\t\t\t\t<div class=\"elementor-element elementor-element-1c7b9cf e-con-full e-flex e-con e-parent\" data-id=\"1c7b9cf\" data-element_type=\"container\">\n\t\t\t\t<div class=\"elementor-element elementor-element-890a29a elementor-widget elementor-widget-image\" data-id=\"890a29a\" data-element_type=\"widget\" data-widget_type=\"image.default\">\n\t\t\t\t<div class=\"elementor-widget-container\">\n\t\t\t\t\t\t\t\t\t\t\t\t\t\t\t<img fetchpriority=\"high\" decoding=\"async\" width=\"1904\" height=\"2560\" src=\"https:\/\/www.balmora.store\/wp-content\/uploads\/2024\/06\/IMG_7189_1950x-scaled.webp\" class=\"attachment-full size-full wp-image-988847\" alt=\"\" srcset=\"https:\/\/www.balmora.store\/wp-content\/uploads\/2024\/06\/IMG_7189_1950x-scaled.webp 1904w, https:\/\/www.balmora.store\/wp-content\/uploads\/2024\/06\/IMG_7189_1950x-scaled-1300x1748.webp 1300w, https:\/\/www.balmora.store\/wp-content\/uploads\/2024\/06\/IMG_7189_1950x-scaled-64x86.webp 64w, https:\/\/www.balmora.store\/wp-content\/uploads\/2024\/06\/IMG_7189_1950x-223x300.webp 223w, https:\/\/www.balmora.store\/wp-content\/uploads\/2024\/06\/IMG_7189_1950x-762x1024.webp 762w, https:\/\/www.balmora.store\/wp-content\/uploads\/2024\/06\/IMG_7189_1950x-768x1033.webp 768w, https:\/\/www.balmora.store\/wp-content\/uploads\/2024\/06\/IMG_7189_1950x-1142x1536.webp 1142w, https:\/\/www.balmora.store\/wp-content\/uploads\/2024\/06\/IMG_7189_1950x-1523x2048.webp 1523w\" sizes=\"(max-width: 1904px) 100vw, 1904px\" \/>\t\t\t\t\t\t\t\t\t\t\t\t\t\t\t<\/div>\n\t\t\t\t<\/div>\n\t\t\t\t<\/div>\n\t\t<div class=\"elementor-element elementor-element-12eab39 e-flex e-con-boxed e-con e-parent\" data-id=\"12eab39\" data-element_type=\"container\">\n\t\t\t\t\t<div class=\"e-con-inner\">\n\t\t\t\t<div class=\"elementor-element elementor-element-3f287ae elementor-widget elementor-widget-heading\" data-id=\"3f287ae\" data-element_type=\"widget\" data-widget_type=\"heading.default\">\n\t\t\t\t<div class=\"elementor-widget-container\">\n\t\t\t\t\t<h4 class=\"elementor-heading-title elementor-size-default\">B2B &amp; Retail<\/h4>\t\t\t\t<\/div>\n\t\t\t\t<\/div>\n\t\t\t\t<div class=\"elementor-element elementor-element-e5f6f70 elementor-widget elementor-widget-text-editor\" data-id=\"e5f6f70\" data-element_type=\"widget\" data-widget_type=\"text-editor.default\">\n\t\t\t\t<div class=\"elementor-widget-container\">\n\t\t\t\t\t\t\t\t\t<p>M\u00e1te online \u010di kamenn\u00fd butik? Nebo stoj\u00edte za velkoobchodn\u00ed distribuc\u00ed pr\u00e9miov\u00fdch produkt\u016f?\nR\u00e1di se p\u0159ipoj\u00edme do va\u0161eho portfolia s na\u0161imi designov\u00fdmi \u017eupany a loungewear kolekcemi, kter\u00e9 p\u0159in\u00e1\u0161ej\u00ed nad\u010dasovou eleganci a jedine\u010dn\u00fd p\u0159\u00edb\u011bh.<\/p>\t\t\t\t\t\t\t\t<\/div>\n\t\t\t\t<\/div>\n\t\t\t\t\t<\/div>\n\t\t\t\t<\/div>\n\t\t<div class=\"elementor-element elementor-element-c772241 e-grid e-con-boxed e-con e-parent\" data-id=\"c772241\" data-element_type=\"container\">\n\t\t\t\t\t<div class=\"e-con-inner\">\n\t\t\t\t<div class=\"elementor-element elementor-element-b0b5918 elementor-widget elementor-widget-image\" data-id=\"b0b5918\" data-element_type=\"widget\" data-widget_type=\"image.default\">\n\t\t\t\t<div class=\"elementor-widget-container\">\n\t\t\t\t\t\t\t\t\t\t\t\t\t\t\t<img decoding=\"async\" width=\"768\" height=\"1024\" src=\"https:\/\/www.balmora.store\/wp-content\/uploads\/2024\/06\/IMG_5854_2_1296x-768x1024.webp\" class=\"attachment-large size-large wp-image-988864\" alt=\"\" srcset=\"https:\/\/www.balmora.store\/wp-content\/uploads\/2024\/06\/IMG_5854_2_1296x-768x1024.webp 768w, https:\/\/www.balmora.store\/wp-content\/uploads\/2024\/06\/IMG_5854_2_1296x-64x85.webp 64w, https:\/\/www.balmora.store\/wp-content\/uploads\/2024\/06\/IMG_5854_2_1296x-225x300.webp 225w, https:\/\/www.balmora.store\/wp-content\/uploads\/2024\/06\/IMG_5854_2_1296x-1152x1536.webp 1152w, https:\/\/www.balmora.store\/wp-content\/uploads\/2024\/06\/IMG_5854_2_1296x.webp 1296w\" sizes=\"(max-width: 768px) 100vw, 768px\" \/>\t\t\t\t\t\t\t\t\t\t\t\t\t\t\t<\/div>\n\t\t\t\t<\/div>\n\t\t<div class=\"elementor-element elementor-element-e5e2752 e-flex e-con-boxed e-con e-child\" data-id=\"e5e2752\" data-element_type=\"container\">\n\t\t\t\t\t<div class=\"e-con-inner\">\n\t\t\t\t<div class=\"elementor-element elementor-element-027d76a elementor-widget elementor-widget-heading\" data-id=\"027d76a\" data-element_type=\"widget\" data-widget_type=\"heading.default\">\n\t\t\t\t<div class=\"elementor-widget-container\">\n\t\t\t\t\t<h4 class=\"elementor-heading-title elementor-size-default\"> Provozuji obchod B2C<\/h4>\t\t\t\t<\/div>\n\t\t\t\t<\/div>\n\t\t\t\t<div class=\"elementor-element elementor-element-fd1acc3 elementor-widget elementor-widget-text-editor\" data-id=\"fd1acc3\" data-element_type=\"widget\" data-widget_type=\"text-editor.default\">\n\t\t\t\t<div class=\"elementor-widget-container\">\n\t\t\t\t\t\t\t\t\t<p>Jsme r\u00e1di, \u017ee zva\u017eujete Balmoru jako nejnov\u0161\u00ed p\u0159\u00edr\u016fstek do va\u0161\u00ed v\u00fdjime\u010dn\u00e9 nab\u00eddky produkt\u016f. Na\u0161e \u017eupany a loungewear kolekce jsou skv\u011bl\u00fdm dopl\u0148kem do butik\u016f s elegantn\u00edm spole\u010densk\u00fdm oble\u010den\u00edm, volno\u010dasovou m\u00f3dou i do obchod\u016f, kter\u00e9 nab\u00edzej\u00ed mix od\u011bv\u016f a dopl\u0148k\u016f. Produkty se prod\u00e1vaj\u00ed velmi rychle d\u00edky poutav\u00fdm autorsk\u00fdm vzor\u016fm a pe\u010dliv\u00e9mu krej\u010dovsk\u00e9mu \u0159emeslu. Kontaktujte n\u00e1s: sales@balmora.store<\/p>\t\t\t\t\t\t\t\t<\/div>\n\t\t\t\t<\/div>\n\t\t\t\t\t<\/div>\n\t\t\t\t<\/div>\n\t\t\t\t\t<\/div>\n\t\t\t\t<\/div>\n\t\t<div class=\"elementor-element elementor-element-3e217df e-grid e-con-boxed e-con e-parent\" data-id=\"3e217df\" data-element_type=\"container\">\n\t\t\t\t\t<div class=\"e-con-inner\">\n\t\t<div class=\"elementor-element elementor-element-b83378f e-flex e-con-boxed e-con e-child\" data-id=\"b83378f\" data-element_type=\"container\">\n\t\t\t\t\t<div class=\"e-con-inner\">\n\t\t\t\t<div class=\"elementor-element elementor-element-674a4a4 elementor-widget elementor-widget-heading\" data-id=\"674a4a4\" data-element_type=\"widget\" data-widget_type=\"heading.default\">\n\t\t\t\t<div class=\"elementor-widget-container\">\n\t\t\t\t\t<h4 class=\"elementor-heading-title elementor-size-default\">Provozuji B2B velkoobchod<\/h4>\t\t\t\t<\/div>\n\t\t\t\t<\/div>\n\t\t\t\t<div class=\"elementor-element elementor-element-520b651 elementor-widget elementor-widget-text-editor\" data-id=\"520b651\" data-element_type=\"widget\" data-widget_type=\"text-editor.default\">\n\t\t\t\t<div class=\"elementor-widget-container\">\n\t\t\t\t\t\t\t\t\t<p>\u0158\u00edd\u00edte distribu\u010dn\u00ed spole\u010dnost? Jsme tu pro v\u00e1s. Nechte Balmoru st\u00e1t se pil\u00ed\u0159em va\u0161eho portfolia a distribuujte ji z\u00e1kazn\u00edk\u016fm po cel\u00e9m sv\u011bt\u011b. Produkty Balmora jsou navr\u017eeny tak, aby spolehliv\u011b sed\u011bly v\u0161em konfek\u010dn\u00edm velikostem a d\u00edky sv\u00fdm origin\u00e1ln\u00edm autorsk\u00fdm design\u016fm maj\u00ed siln\u00fd prodejn\u00ed potenci\u00e1l. D\u00edky n\u00edzk\u00e9 hmotnosti se nav\u00edc velmi snadno p\u0159epravuj\u00ed. Kontaktujte n\u00e1s: sales@balmora.store<\/p>\t\t\t\t\t\t\t\t<\/div>\n\t\t\t\t<\/div>\n\t\t\t\t\t<\/div>\n\t\t\t\t<\/div>\n\t\t\t\t<div class=\"elementor-element elementor-element-fbe9ab7 elementor-widget elementor-widget-image\" data-id=\"fbe9ab7\" data-element_type=\"widget\" data-widget_type=\"image.default\">\n\t\t\t\t<div class=\"elementor-widget-container\">\n\t\t\t\t\t\t\t\t\t\t\t\t\t\t\t<img decoding=\"async\" width=\"768\" height=\"1024\" src=\"https:\/\/www.balmora.store\/wp-content\/uploads\/2024\/06\/IMG_5405_1296x-1-768x1024.webp\" class=\"attachment-large size-large wp-image-988866\" alt=\"\" srcset=\"https:\/\/www.balmora.store\/wp-content\/uploads\/2024\/06\/IMG_5405_1296x-1-768x1024.webp 768w, https:\/\/www.balmora.store\/wp-content\/uploads\/2024\/06\/IMG_5405_1296x-1-64x85.webp 64w, https:\/\/www.balmora.store\/wp-content\/uploads\/2024\/06\/IMG_5405_1296x-1-225x300.webp 225w, https:\/\/www.balmora.store\/wp-content\/uploads\/2024\/06\/IMG_5405_1296x-1-1152x1536.webp 1152w, https:\/\/www.balmora.store\/wp-content\/uploads\/2024\/06\/IMG_5405_1296x-1.webp 1296w\" sizes=\"(max-width: 768px) 100vw, 768px\" \/>\t\t\t\t\t\t\t\t\t\t\t\t\t\t\t<\/div>\n\t\t\t\t<\/div>\n\t\t\t\t\t<\/div>\n\t\t\t\t<\/div>\n\t\t<div class=\"elementor-element elementor-element-733f250 e-flex e-con-boxed e-con e-parent\" data-id=\"733f250\" data-element_type=\"container\">\n\t\t\t\t\t<div class=\"e-con-inner\">\n\t\t\t\t<div class=\"elementor-element elementor-element-4721f3c elementor-widget elementor-widget-text-editor\" data-id=\"4721f3c\" data-element_type=\"widget\" data-widget_type=\"text-editor.default\">\n\t\t\t\t<div class=\"elementor-widget-container\">\n\t\t\t\t\t\t\t\t\t<p>Roz\u0161i\u0159te svou nab\u00eddku o \u017eupany Balmora \u2014 produkty, kter\u00e9 si z\u00edsk\u00e1vaj\u00ed srdce z\u00e1kazn\u00edk\u016f po cel\u00e9m sv\u011bt\u011b a prod\u00e1vaj\u00ed se s lehkost\u00ed.<\/p>\t\t\t\t\t\t\t\t<\/div>\n\t\t\t\t<\/div>\n\t\t\t\t<div class=\"elementor-element elementor-element-dfb2a6d elementor-widget elementor-widget-heading\" data-id=\"dfb2a6d\" data-element_type=\"widget\" data-widget_type=\"heading.default\">\n\t\t\t\t<div class=\"elementor-widget-container\">\n\t\t\t\t\t<h5 class=\"elementor-heading-title elementor-size-default\">Poj\u010fme tvo\u0159it partnerstv\u00ed<\/h5>\t\t\t\t<\/div>\n\t\t\t\t<\/div>\n\t\t\t\t<div class=\"elementor-element elementor-element-0ad0934 elementor-widget elementor-widget-wpforms\" data-id=\"0ad0934\" data-element_type=\"widget\" data-widget_type=\"wpforms.default\">\n\t\t\t\t<div class=\"elementor-widget-container\">\n\t\t\t\t\t<div class=\"wpforms-container wpforms-render-modern\" id=\"wpforms-988306\"><form id=\"wpforms-form-988306\" class=\"wpforms-validate wpforms-form wpforms-ajax-form\" data-formid=\"988306\" method=\"post\" enctype=\"multipart\/form-data\" action=\"\/cs\/wp-json\/wp\/v2\/pages\/988858\" data-token=\"f3246191a79c3d02a2b5b1e410fd05dc\" data-token-time=\"1777128208\" data-trp-original-action=\"\/cs\/wp-json\/wp\/v2\/pages\/988858\"><noscript class=\"wpforms-error-noscript\">Chcete-li vyplnit tento formul\u00e1\u0159, pros\u00edm povolte v prohl\u00ed\u017ee\u010di JavaScript.<\/noscript><div id=\"wpforms-error-noscript\" style=\"display: none;\">Chcete-li vyplnit tento formul\u00e1\u0159, pros\u00edm povolte v prohl\u00ed\u017ee\u010di JavaScript.<\/div><div class=\"wpforms-field-container\"><div id=\"wpforms-988306-field_0-container\" class=\"wpforms-field wpforms-field-name\" data-field-id=\"0\"><fieldset><legend class=\"wpforms-field-label\">Meno <span class=\"wpforms-required-label\" aria-hidden=\"true\">*<\/span><\/legend><div class=\"wpforms-field-row wpforms-field-large\"><div class=\"wpforms-field-row-block wpforms-first wpforms-one-half\"><input type=\"text\" id=\"wpforms-988306-field_0\" class=\"wpforms-field-name-first wpforms-field-required\" name=\"wpforms[fields][0][first]\" aria-errormessage=\"wpforms-988306-field_0-error\" required><label for=\"wpforms-988306-field_0\" class=\"wpforms-field-sublabel after wpforms-sublabel-hide\">K\u0159estn\u00ed jm\u00e9no<\/label><\/div><div class=\"wpforms-field-row-block wpforms-one-half\"><input type=\"text\" id=\"wpforms-988306-field_0-last\" class=\"wpforms-field-name-last wpforms-field-required\" name=\"wpforms[fields][0][last]\" aria-errormessage=\"wpforms-988306-field_0-last-error\" required><label for=\"wpforms-988306-field_0-last\" class=\"wpforms-field-sublabel after wpforms-sublabel-hide\">P\u0159\u00edjmen\u00ed<\/label><\/div><\/div><\/fieldset><\/div><div id=\"wpforms-988306-field_1-container\" class=\"wpforms-field wpforms-field-email\" data-field-id=\"1\"><label class=\"wpforms-field-label\" for=\"wpforms-988306-field_1\">E-mail <span class=\"wpforms-required-label\" aria-hidden=\"true\">*<\/span><\/label><input type=\"email\" id=\"wpforms-988306-field_1\" class=\"wpforms-field-large wpforms-field-required\" name=\"wpforms[fields][1]\" spellcheck=\"false\" aria-errormessage=\"wpforms-988306-field_1-error\" required><\/div><div id=\"wpforms-988306-field_2-container\" class=\"wpforms-field wpforms-field-textarea\" data-field-id=\"2\"><label class=\"wpforms-field-label\" for=\"wpforms-988306-field_2\">Zpr\u00e1va<\/label><textarea id=\"wpforms-988306-field_2\" class=\"wpforms-field-medium\" name=\"wpforms[fields][2]\" aria-errormessage=\"wpforms-988306-field_2-error\" ><\/textarea><\/div><\/div><!-- .wpforms-field-container --><div class=\"wpforms-submit-container\" ><input type=\"hidden\" name=\"wpforms[id]\" value=\"988306\"><input type=\"hidden\" name=\"page_title\" value=\"\"><input type=\"hidden\" name=\"page_url\" value=\"https:\/\/www.balmora.store\/cs\/wp-json\/wp\/v2\/pages\/988858\"><input type=\"hidden\" name=\"url_referer\" value=\"\"><button type=\"submit\" name=\"wpforms[submit]\" id=\"wpforms-submit-988306\" class=\"wpforms-submit\" data-alt-text=\"Posiela sa...\" data-submit-text=\"Odosla\u0165\" aria-live=\"assertive\" value=\"wpforms-submit\">Odosla\u0165<\/button><img loading=\"lazy\" decoding=\"async\" src=\"https:\/\/www.balmora.store\/wp-content\/plugins\/wpforms-lite\/assets\/images\/submit-spin.svg\" class=\"wpforms-submit-spinner\" style=\"display: none;\" width=\"26\" height=\"26\" alt=\"Na\u010d\u00edt\u00e1n\u00ed\"><\/div><input type=\"hidden\" name=\"trp-form-language\" value=\"cs\"\/><\/form><\/div>  <!-- .wpforms-container -->\t\t\t\t<\/div>\n\t\t\t\t<\/div>\n\t\t\t\t\t<\/div>\n\t\t\t\t<\/div>\n\t\t<div class=\"elementor-element elementor-element-1974ef3 e-flex e-con-boxed e-con e-parent\" data-id=\"1974ef3\" data-element_type=\"container\">\n\t\t\t\t\t<div class=\"e-con-inner\">\n\t\t\t\t<div class=\"elementor-element elementor-element-b50e1ea elementor-widget elementor-widget-spacer\" data-id=\"b50e1ea\" data-element_type=\"widget\" data-widget_type=\"spacer.default\">\n\t\t\t\t<div class=\"elementor-widget-container\">\n\t\t\t\t\t\t\t<div class=\"elementor-spacer\">\n\t\t\t<div class=\"elementor-spacer-inner\"><\/div>\n\t\t<\/div>\n\t\t\t\t\t\t<\/div>\n\t\t\t\t<\/div>\n\t\t\t\t\t<\/div>\n\t\t\t\t<\/div>\n\t\t\t\t<\/div>","protected":false},"excerpt":{"rendered":"<p>Ve\u013ekoobchod a RETAIL M\u00e1te internetov\u00fd alebo kamenn\u00fd obchod? Alebo riadite ve\u013ekoobchodn\u00fa spolo\u010dnos\u0165 (distrib\u00fatora)? Radi sa staneme jej s\u00fa\u010das\u0165ou s na\u0161imi dizajnov\u00fdmi \u017eupanmi a loungewear produktmi. Prev\u00e1dzkujem obchod B2C Sme radi, \u017ee zva\u017eujete Balmoru ako najnov\u0161\u00ed pr\u00edrastok do va\u0161ej \u00fa\u017easnej ponuky produktov. Je to skvel\u00fd spolo\u010dn\u00edk do obchodov so spolo\u010densk\u00fdm oble\u010den\u00edm a oble\u010den\u00edm na vo\u013en\u00fd \u010das,&#8230;<\/p>","protected":false},"author":1,"featured_media":0,"parent":0,"menu_order":0,"comment_status":"closed","ping_status":"closed","template":"","meta":{"_acf_changed":false,"footnotes":""},"class_list":["post-988858","page","type-page","status-publish","hentry"],"acf":[],"_links":{"self":[{"href":"https:\/\/www.balmora.store\/cs\/wp-json\/wp\/v2\/pages\/988858","targetHints":{"allow":["GET"]}}],"collection":[{"href":"https:\/\/www.balmora.store\/cs\/wp-json\/wp\/v2\/pages"}],"about":[{"href":"https:\/\/www.balmora.store\/cs\/wp-json\/wp\/v2\/types\/page"}],"author":[{"embeddable":true,"href":"https:\/\/www.balmora.store\/cs\/wp-json\/wp\/v2\/users\/1"}],"replies":[{"embeddable":true,"href":"https:\/\/www.balmora.store\/cs\/wp-json\/wp\/v2\/comments?post=988858"}],"version-history":[{"count":30,"href":"https:\/\/www.balmora.store\/cs\/wp-json\/wp\/v2\/pages\/988858\/revisions"}],"predecessor-version":[{"id":991694,"href":"https:\/\/www.balmora.store\/cs\/wp-json\/wp\/v2\/pages\/988858\/revisions\/991694"}],"wp:attachment":[{"href":"https:\/\/www.balmora.store\/cs\/wp-json\/wp\/v2\/media?parent=988858"}],"curies":[{"name":"wp","href":"https:\/\/api.w.org\/{rel}","templated":true}]}}