{"id":988716,"date":"2024-06-03T21:03:56","date_gmt":"2024-06-03T19:03:56","guid":{"rendered":"https:\/\/www.balmora.store\/?page_id=988716"},"modified":"2024-10-20T22:53:40","modified_gmt":"2024-10-20T20:53:40","slug":"editorialy-eventy","status":"publish","type":"page","link":"https:\/\/www.balmora.store\/cs\/editorialy-eventy\/","title":{"rendered":"EDITORI\u00c1LY &amp; EVENTY"},"content":{"rendered":"<div data-elementor-type=\"wp-page\" data-elementor-id=\"988716\" class=\"elementor elementor-988716\" data-elementor-post-type=\"page\">\n\t\t\t\t<div class=\"elementor-element elementor-element-5eb4ce1 e-flex e-con-boxed e-con e-parent\" data-id=\"5eb4ce1\" data-element_type=\"container\">\n\t\t\t\t\t<div class=\"e-con-inner\">\n\t\t\t\t<div class=\"elementor-element elementor-element-efd2bb9 elementor-widget elementor-widget-heading\" data-id=\"efd2bb9\" data-element_type=\"widget\" data-widget_type=\"heading.default\">\n\t\t\t\t<div class=\"elementor-widget-container\">\n\t\t\t\t\t<h2 class=\"elementor-heading-title elementor-size-default\">MUST-READ<\/h2>\t\t\t\t<\/div>\n\t\t\t\t<\/div>\n\t\t\t\t<div class=\"elementor-element elementor-element-7267eb8 elementor-widget elementor-widget-text-editor\" data-id=\"7267eb8\" data-element_type=\"widget\" data-widget_type=\"text-editor.default\">\n\t\t\t\t<div class=\"elementor-widget-container\">\n\t\t\t\t\t\t\t\t\t<p>Sledujte novinky ze sv\u011bta Balmora \u2014 kolekce, editori\u00e1ly, ud\u00e1losti a v\u00fdjime\u010dn\u00e1 partnerstv\u00ed.<\/p>\t\t\t\t\t\t\t\t<\/div>\n\t\t\t\t<\/div>\n\t\t\t\t\t<\/div>\n\t\t\t\t<\/div>\n\t\t<div class=\"elementor-element elementor-element-31829ab e-flex e-con-boxed e-con e-parent\" data-id=\"31829ab\" data-element_type=\"container\">\n\t\t\t\t\t<div class=\"e-con-inner\">\n\t\t\t\t<div class=\"elementor-element elementor-element-39a5e02 elementor-icon-list--layout-inline elementor-align-center elementor-list-item-link-full_width elementor-widget elementor-widget-icon-list\" data-id=\"39a5e02\" data-element_type=\"widget\" data-widget_type=\"icon-list.default\">\n\t\t\t\t<div class=\"elementor-widget-container\">\n\t\t\t\t\t\t\t<ul class=\"elementor-icon-list-items elementor-inline-items\">\n\t\t\t\t\t\t\t<li class=\"elementor-icon-list-item elementor-inline-item\">\n\t\t\t\t\t\t\t\t\t\t\t<a href=\"\/cs\/blog\/\">\n\n\t\t\t\t\t\t\t\t\t\t\t<span class=\"elementor-icon-list-text\">Blog<\/span>\n\t\t\t\t\t\t\t\t\t\t\t<\/a>\n\t\t\t\t\t\t\t\t\t<\/li>\n\t\t\t\t\t\t\t\t<li class=\"elementor-icon-list-item elementor-inline-item\">\n\t\t\t\t\t\t\t\t\t\t\t<a href=\"\/cs\/editorials-events\/\">\n\n\t\t\t\t\t\t\t\t\t\t\t<span class=\"elementor-icon-list-text\">EDITORIALS &amp; EVENTS<\/span>\n\t\t\t\t\t\t\t\t\t\t\t<\/a>\n\t\t\t\t\t\t\t\t\t<\/li>\n\t\t\t\t\t\t\t\t<li class=\"elementor-icon-list-item elementor-inline-item\">\n\t\t\t\t\t\t\t\t\t\t\t<a href=\"\/cs\/mood\/\">\n\n\t\t\t\t\t\t\t\t\t\t\t<span class=\"elementor-icon-list-text\">Mood<\/span>\n\t\t\t\t\t\t\t\t\t\t\t<\/a>\n\t\t\t\t\t\t\t\t\t<\/li>\n\t\t\t\t\t\t<\/ul>\n\t\t\t\t\t\t<\/div>\n\t\t\t\t<\/div>\n\t\t\t\t\t<\/div>\n\t\t\t\t<\/div>\n\t\t<div class=\"elementor-element elementor-element-38067a8 e-flex e-con-boxed e-con e-parent\" data-id=\"38067a8\" data-element_type=\"container\">\n\t\t\t\t\t<div class=\"e-con-inner\">\n\t\t\t\t<div class=\"elementor-element elementor-element-6613ce4 elementor-widget elementor-widget-heading\" data-id=\"6613ce4\" data-element_type=\"widget\" data-widget_type=\"heading.default\">\n\t\t\t\t<div class=\"elementor-widget-container\">\n\t\t\t\t\t<h4 class=\"elementor-heading-title elementor-size-default\">EDITORIALS &amp; EVENTS<\/h4>\t\t\t\t<\/div>\n\t\t\t\t<\/div>\n\t\t\t\t<div class=\"vamtam-has-theme-widget-styles elementor-element elementor-element-e1a3a17 elementor-grid-2 elementor-grid-tablet-2 elementor-grid-mobile-1 elementor-widget elementor-widget-loop-grid\" data-id=\"e1a3a17\" data-element_type=\"widget\" data-settings=\"{&quot;template_id&quot;:988689,&quot;columns&quot;:2,&quot;_skin&quot;:&quot;post&quot;,&quot;columns_tablet&quot;:&quot;2&quot;,&quot;columns_mobile&quot;:&quot;1&quot;,&quot;edit_handle_selector&quot;:&quot;[data-elementor-type=\\&quot;loop-item\\&quot;]&quot;,&quot;row_gap&quot;:{&quot;unit&quot;:&quot;px&quot;,&quot;size&quot;:&quot;&quot;,&quot;sizes&quot;:[]},&quot;row_gap_tablet&quot;:{&quot;unit&quot;:&quot;px&quot;,&quot;size&quot;:&quot;&quot;,&quot;sizes&quot;:[]},&quot;row_gap_mobile&quot;:{&quot;unit&quot;:&quot;px&quot;,&quot;size&quot;:&quot;&quot;,&quot;sizes&quot;:[]}}\" data-widget_type=\"loop-grid.post\">\n\t\t\t\t<div class=\"elementor-widget-container\">\n\t\t\t\t\t\t\t<div class=\"elementor-loop-container elementor-grid\" role=\"list\">\n\t\t<style id=\"loop-988689\">.elementor-988689 .elementor-element.elementor-element-63496df{--display:flex;--gap:8px 8px;--row-gap:8px;--column-gap:8px;--padding-top:0px;--padding-bottom:0px;--padding-left:0px;--padding-right:0px;}.elementor-988689 .elementor-element.elementor-element-1d00e2c img{width:100%;}.elementor-988689 .elementor-element.elementor-element-ec0e952 .elementor-heading-title{font-family:var( --e-global-typography-vamtam_h4-font-family ), Sans-serif;font-size:var( --e-global-typography-vamtam_h4-font-size );font-weight:var( --e-global-typography-vamtam_h4-font-weight );line-height:var( --e-global-typography-vamtam_h4-line-height );}.elementor-988689 .elementor-element.elementor-element-a09ec6a .elementor-widget-container{font-family:var( --e-global-typography-d431d09-font-family ), Sans-serif;font-size:var( --e-global-typography-d431d09-font-size );font-weight:var( --e-global-typography-d431d09-font-weight );text-transform:var( --e-global-typography-d431d09-text-transform );line-height:var( --e-global-typography-d431d09-line-height );}@media(max-width:1024px){.elementor-988689 .elementor-element.elementor-element-1d00e2c img{height:167px;}.elementor-988689 .elementor-element.elementor-element-ec0e952 .elementor-heading-title{font-size:var( --e-global-typography-vamtam_h4-font-size );line-height:var( --e-global-typography-vamtam_h4-line-height );}.elementor-988689 .elementor-element.elementor-element-a09ec6a .elementor-widget-container{font-size:var( --e-global-typography-d431d09-font-size );line-height:var( --e-global-typography-d431d09-line-height );}}@media(max-width:767px){.elementor-988689 .elementor-element.elementor-element-1d00e2c img{height:152px;}.elementor-988689 .elementor-element.elementor-element-ec0e952 .elementor-heading-title{font-size:var( --e-global-typography-vamtam_h4-font-size );line-height:var( --e-global-typography-vamtam_h4-line-height );}.elementor-988689 .elementor-element.elementor-element-a09ec6a .elementor-widget-container{font-size:var( --e-global-typography-d431d09-font-size );line-height:var( --e-global-typography-d431d09-line-height );}}\/* Start custom CSS for theme-post-featured-image, class: .elementor-element-1d00e2c *\/.elementor-988689 .elementor-element.elementor-element-1d00e2c a{\n    width: 100%;\n}\n\n.elementor-988689 .elementor-element.elementor-element-1d00e2c img{\n    aspect-ratio: 1\/1.4;\n    object-fit: cover;\n}\/* End custom CSS *\/<\/style>\t\t<div data-elementor-type=\"loop-item\" data-elementor-id=\"988689\" class=\"elementor elementor-988689 e-loop-item e-loop-item-989497 post-989497 editorials-events type-editorials-events status-publish has-post-thumbnail hentry\" data-elementor-post-type=\"elementor_library\" data-custom-edit-handle=\"1\">\n\t\t\t<div class=\"elementor-element elementor-element-63496df e-flex e-con-boxed e-con e-parent\" data-id=\"63496df\" data-element_type=\"container\">\n\t\t\t\t\t<div class=\"e-con-inner\">\n\t\t\t\t<div class=\"vamtam-has-theme-widget-styles elementor-element elementor-element-1d00e2c elementor-widget elementor-widget-theme-post-featured-image elementor-widget-image\" data-id=\"1d00e2c\" data-element_type=\"widget\" data-widget_type=\"theme-post-featured-image.default\">\n\t\t\t\t<div class=\"elementor-widget-container\">\n\t\t\t\t\t\t\t\t\t\t\t\t\t\t\t\t\t\t\t\t\t\t<a href=\"https:\/\/www.balmora.store\/cs\/editorials-events\/new-destination-usa\/\">\n\t\t\t\t\t\t\t\t\t\t\t\t\t\t\t<img fetchpriority=\"high\" decoding=\"async\" width=\"768\" height=\"512\" src=\"https:\/\/www.balmora.store\/wp-content\/uploads\/2024\/06\/IMG_0795-768x512.webp\" class=\"attachment-medium_large size-medium_large wp-image-989498\" alt=\"\" srcset=\"https:\/\/www.balmora.store\/wp-content\/uploads\/2024\/06\/IMG_0795-768x512.webp 768w, https:\/\/www.balmora.store\/wp-content\/uploads\/2024\/06\/IMG_0795-scaled-1300x867.webp 1300w, https:\/\/www.balmora.store\/wp-content\/uploads\/2024\/06\/IMG_0795-scaled-64x43.webp 64w, https:\/\/www.balmora.store\/wp-content\/uploads\/2024\/06\/IMG_0795-300x200.webp 300w, https:\/\/www.balmora.store\/wp-content\/uploads\/2024\/06\/IMG_0795-1024x683.webp 1024w, https:\/\/www.balmora.store\/wp-content\/uploads\/2024\/06\/IMG_0795-1536x1024.webp 1536w, https:\/\/www.balmora.store\/wp-content\/uploads\/2024\/06\/IMG_0795-2048x1365.webp 2048w\" sizes=\"(max-width: 768px) 100vw, 768px\" \/>\t\t\t\t\t\t\t\t\t\t\t\t\t\t\t\t<\/a>\n\t\t\t\t\t\t\t\t\t\t\t\t\t\t\t\t\t\t\t\t\t\t\t<\/div>\n\t\t\t\t<\/div>\n\t\t\t\t<div class=\"elementor-element elementor-element-ec0e952 elementor-widget elementor-widget-theme-post-title elementor-page-title elementor-widget-heading\" data-id=\"ec0e952\" data-element_type=\"widget\" data-widget_type=\"theme-post-title.default\">\n\t\t\t\t<div class=\"elementor-widget-container\">\n\t\t\t\t\t<h2 class=\"elementor-heading-title elementor-size-default\"><a href=\"https:\/\/www.balmora.store\/cs\/editorials-events\/new-destination-usa\/\">Dal\u0161\u00ed destinace na\u0161\u00ed cesty: USA<\/a><\/h2>\t\t\t\t<\/div>\n\t\t\t\t<\/div>\n\t\t\t\t\t<\/div>\n\t\t\t\t<\/div>\n\t\t\t\t<\/div>\n\t\t\t\t<div data-elementor-type=\"loop-item\" data-elementor-id=\"988689\" class=\"elementor elementor-988689 e-loop-item e-loop-item-989436 post-989436 editorials-events type-editorials-events status-publish has-post-thumbnail hentry\" data-elementor-post-type=\"elementor_library\" data-custom-edit-handle=\"1\">\n\t\t\t<div class=\"elementor-element elementor-element-63496df e-flex e-con-boxed e-con e-parent\" data-id=\"63496df\" data-element_type=\"container\">\n\t\t\t\t\t<div class=\"e-con-inner\">\n\t\t\t\t<div class=\"vamtam-has-theme-widget-styles elementor-element elementor-element-1d00e2c elementor-widget elementor-widget-theme-post-featured-image elementor-widget-image\" data-id=\"1d00e2c\" data-element_type=\"widget\" data-widget_type=\"theme-post-featured-image.default\">\n\t\t\t\t<div class=\"elementor-widget-container\">\n\t\t\t\t\t\t\t\t\t\t\t\t\t\t\t\t\t\t\t\t\t\t<a href=\"https:\/\/www.balmora.store\/cs\/editorials-events\/your-sunday-ritual-w-balmora\/\">\n\t\t\t\t\t\t\t\t\t\t\t\t\t\t\t<img decoding=\"async\" width=\"768\" height=\"512\" src=\"https:\/\/www.balmora.store\/wp-content\/uploads\/2024\/06\/ROD04280-768x512.webp\" class=\"attachment-medium_large size-medium_large wp-image-989474\" alt=\"\" srcset=\"https:\/\/www.balmora.store\/wp-content\/uploads\/2024\/06\/ROD04280-768x512.webp 768w, https:\/\/www.balmora.store\/wp-content\/uploads\/2024\/06\/ROD04280-scaled-1300x867.webp 1300w, https:\/\/www.balmora.store\/wp-content\/uploads\/2024\/06\/ROD04280-scaled-64x43.webp 64w, https:\/\/www.balmora.store\/wp-content\/uploads\/2024\/06\/ROD04280-300x200.webp 300w, https:\/\/www.balmora.store\/wp-content\/uploads\/2024\/06\/ROD04280-1024x683.webp 1024w, https:\/\/www.balmora.store\/wp-content\/uploads\/2024\/06\/ROD04280-1536x1024.webp 1536w, https:\/\/www.balmora.store\/wp-content\/uploads\/2024\/06\/ROD04280-2048x1365.webp 2048w\" sizes=\"(max-width: 768px) 100vw, 768px\" \/>\t\t\t\t\t\t\t\t\t\t\t\t\t\t\t\t<\/a>\n\t\t\t\t\t\t\t\t\t\t\t\t\t\t\t\t\t\t\t\t\t\t\t<\/div>\n\t\t\t\t<\/div>\n\t\t\t\t<div class=\"elementor-element elementor-element-ec0e952 elementor-widget elementor-widget-theme-post-title elementor-page-title elementor-widget-heading\" data-id=\"ec0e952\" data-element_type=\"widget\" data-widget_type=\"theme-post-title.default\">\n\t\t\t\t<div class=\"elementor-widget-container\">\n\t\t\t\t\t<h2 class=\"elementor-heading-title elementor-size-default\"><a href=\"https:\/\/www.balmora.store\/cs\/editorials-events\/your-sunday-ritual-w-balmora\/\">Ned\u011bln\u00ed ritu\u00e1l s Balmorou<\/a><\/h2>\t\t\t\t<\/div>\n\t\t\t\t<\/div>\n\t\t\t\t\t<\/div>\n\t\t\t\t<\/div>\n\t\t\t\t<\/div>\n\t\t\t\t<div data-elementor-type=\"loop-item\" data-elementor-id=\"988689\" class=\"elementor elementor-988689 e-loop-item e-loop-item-988670 post-988670 editorials-events type-editorials-events status-publish has-post-thumbnail hentry\" data-elementor-post-type=\"elementor_library\" data-custom-edit-handle=\"1\">\n\t\t\t<div class=\"elementor-element elementor-element-63496df e-flex e-con-boxed e-con e-parent\" data-id=\"63496df\" data-element_type=\"container\">\n\t\t\t\t\t<div class=\"e-con-inner\">\n\t\t\t\t<div class=\"vamtam-has-theme-widget-styles elementor-element elementor-element-1d00e2c elementor-widget elementor-widget-theme-post-featured-image elementor-widget-image\" data-id=\"1d00e2c\" data-element_type=\"widget\" data-widget_type=\"theme-post-featured-image.default\">\n\t\t\t\t<div class=\"elementor-widget-container\">\n\t\t\t\t\t\t\t\t\t\t\t\t\t\t\t\t\t\t\t\t\t\t<a href=\"https:\/\/www.balmora.store\/cs\/editorials-events\/be-my-balmorine\/\">\n\t\t\t\t\t\t\t\t\t\t\t\t\t\t\t<img decoding=\"async\" width=\"768\" height=\"1365\" src=\"https:\/\/www.balmora.store\/wp-content\/uploads\/2024\/06\/20240119-_ROD0804-768x1365.webp\" class=\"attachment-medium_large size-medium_large wp-image-989799\" alt=\"\" srcset=\"https:\/\/www.balmora.store\/wp-content\/uploads\/2024\/06\/20240119-_ROD0804-768x1365.webp 768w, https:\/\/www.balmora.store\/wp-content\/uploads\/2024\/06\/20240119-_ROD0804-scaled-1300x2311.webp 1300w, https:\/\/www.balmora.store\/wp-content\/uploads\/2024\/06\/20240119-_ROD0804-scaled-64x114.webp 64w, https:\/\/www.balmora.store\/wp-content\/uploads\/2024\/06\/20240119-_ROD0804-169x300.webp 169w, https:\/\/www.balmora.store\/wp-content\/uploads\/2024\/06\/20240119-_ROD0804-576x1024.webp 576w, https:\/\/www.balmora.store\/wp-content\/uploads\/2024\/06\/20240119-_ROD0804-864x1536.webp 864w, https:\/\/www.balmora.store\/wp-content\/uploads\/2024\/06\/20240119-_ROD0804-1152x2048.webp 1152w, https:\/\/www.balmora.store\/wp-content\/uploads\/2024\/06\/20240119-_ROD0804-scaled.webp 1440w\" sizes=\"(max-width: 768px) 100vw, 768px\" \/>\t\t\t\t\t\t\t\t\t\t\t\t\t\t\t\t<\/a>\n\t\t\t\t\t\t\t\t\t\t\t\t\t\t\t\t\t\t\t\t\t\t\t<\/div>\n\t\t\t\t<\/div>\n\t\t\t\t<div class=\"elementor-element elementor-element-ec0e952 elementor-widget elementor-widget-theme-post-title elementor-page-title elementor-widget-heading\" data-id=\"ec0e952\" data-element_type=\"widget\" data-widget_type=\"theme-post-title.default\">\n\t\t\t\t<div class=\"elementor-widget-container\">\n\t\t\t\t\t<h2 class=\"elementor-heading-title elementor-size-default\"><a href=\"https:\/\/www.balmora.store\/cs\/editorials-events\/be-my-balmorine\/\">VALENT\u00ddN | BE MY BALMORINE<\/a><\/h2>\t\t\t\t<\/div>\n\t\t\t\t<\/div>\n\t\t\t\t\t<\/div>\n\t\t\t\t<\/div>\n\t\t\t\t<\/div>\n\t\t\t\t<\/div>\n\t\t\n\t\t\t\t\t\t<\/div>\n\t\t\t\t<\/div>\n\t\t\t\t\t<\/div>\n\t\t\t\t<\/div>\n\t\t\t\t<\/div>","protected":false},"excerpt":{"rendered":"<p>MUST-READ Sledujte najnov\u0161ie spr\u00e1vy zo sveta Balmora. Pripravovan\u00e9 kolekcie, editori\u00e1ly, udalosti a spolupr\u00e1ce. Blog EDITORIALS &#038; EVENTS Mood EDITORIALS &#038; EVENTS<\/p>","protected":false},"author":1,"featured_media":0,"parent":0,"menu_order":0,"comment_status":"closed","ping_status":"closed","template":"","meta":{"_acf_changed":false,"footnotes":""},"class_list":["post-988716","page","type-page","status-publish","hentry"],"acf":[],"_links":{"self":[{"href":"https:\/\/www.balmora.store\/cs\/wp-json\/wp\/v2\/pages\/988716","targetHints":{"allow":["GET"]}}],"collection":[{"href":"https:\/\/www.balmora.store\/cs\/wp-json\/wp\/v2\/pages"}],"about":[{"href":"https:\/\/www.balmora.store\/cs\/wp-json\/wp\/v2\/types\/page"}],"author":[{"embeddable":true,"href":"https:\/\/www.balmora.store\/cs\/wp-json\/wp\/v2\/users\/1"}],"replies":[{"embeddable":true,"href":"https:\/\/www.balmora.store\/cs\/wp-json\/wp\/v2\/comments?post=988716"}],"version-history":[{"count":27,"href":"https:\/\/www.balmora.store\/cs\/wp-json\/wp\/v2\/pages\/988716\/revisions"}],"predecessor-version":[{"id":991401,"href":"https:\/\/www.balmora.store\/cs\/wp-json\/wp\/v2\/pages\/988716\/revisions\/991401"}],"wp:attachment":[{"href":"https:\/\/www.balmora.store\/cs\/wp-json\/wp\/v2\/media?parent=988716"}],"curies":[{"name":"wp","href":"https:\/\/api.w.org\/{rel}","templated":true}]}}